{"id":2328,"date":"2025-01-25T18:26:06","date_gmt":"2025-01-25T18:26:06","guid":{"rendered":"https:\/\/srms-pro.fr\/?page_id=2328"},"modified":"2026-02-11T16:27:11","modified_gmt":"2026-02-11T16:27:11","slug":"demande-devis-personnalise-2","status":"publish","type":"page","link":"https:\/\/www.srms-pro.sn\/?page_id=2328","title":{"rendered":"R\u00e9servation"},"content":{"rendered":"<div class=\"wpb-content-wrapper\"><p>[vc_row css=\u00a0\u00bb.vc_custom_1737894039713{padding-top: 10px !important;padding-right: 10px !important;padding-bottom: 30px !important;padding-left: 10px !important;background-color: #ffffff !important;border-radius: 35px !important;}\u00a0\u00bb][vc_column css=\u00a0\u00bb.vc_custom_1737894073663{margin-top: -70px !important;background-color: #ffffff !important;}\u00a0\u00bb]<div class=\"dt-fancy-separator h1-size\" style=\"width: 100%;\"><div class=\"dt-fancy-title\"><span class=\"separator-holder separator-left\"><\/span>R\u00e9servez votre rendez-vous<span class=\"separator-holder separator-right\"><\/span><\/div><\/div>[vc_empty_space][vc_row_inner][vc_column_inner width=\u00a0\u00bb1\/4&Prime;][\/vc_column_inner][vc_column_inner width=\u00a0\u00bb1\/2&Prime;][vc_custom_heading text=\u00a0\u00bbVous avez une question, souhaitez \u00e9changer avec le prestataire par t\u00e9l\u00e9phone ou obtenir des informations sur votre prestation ? Contactez nous en cliquant ici.\u00a0\u00bb font_container=\u00a0\u00bbtag:p|text_align:center|color:%231e73be\u00a0\u00bb use_theme_fonts=\u00a0\u00bbyes\u00a0\u00bb css=\u00a0\u00bb\u00a0\u00bb link=\u00a0\u00bburl:https%3A%2F%2Fsrms-pro.sn%2Fcontact-srms%2F|title:Contact\u00a0\u00bb][\/vc_column_inner][vc_column_inner width=\u00a0\u00bb1\/4&Prime;][\/vc_column_inner][\/vc_row_inner][vc_empty_space][\/vc_column][\/vc_row][vc_row][vc_column el_id=\u00a0\u00bbreservation\u00a0\u00bb css=\u00a0\u00bb.vc_custom_1737901391629{border-top-width: 30px !important;border-right-width: 30px !important;border-bottom-width: 30px !important;border-left-width: 30px !important;border-left-style: solid !important;border-right-style: solid !important;border-top-style: solid !important;border-bottom-style: solid !important;border-radius: 3px !important;border-color: #f5f5f5 !important;}\u00a0\u00bb][vc_raw_html css=\u00a0\u00bb\u00a0\u00bb]JTIwJTVCc3NhX2Jvb2tpbmclMjB0eXBlJTNEJTVEJTIw[\/vc_raw_html][vc_row_inner][vc_column_inner width=\u00a0\u00bb1\/4&Prime;][\/vc_column_inner][vc_column_inner width=\u00a0\u00bb1\/2&Prime;][vc_column_text css=\u00a0\u00bb\u00a0\u00bb]<\/p>\n<p style=\"text-align: center;\"><em><strong>NB<\/strong> : A l&rsquo;Etape 3 de la r\u00e9servation, dans le champ <strong>Remarques*<\/strong>, merci de renseigner plus d&rsquo;informations concernant la prestation.<\/em><\/p>\n<p>[\/vc_column_text][\/vc_column_inner][vc_column_inner width=\u00a0\u00bb1\/4&Prime;][\/vc_column_inner][\/vc_row_inner][\/vc_column][\/vc_row]<\/p>\n<\/div>","protected":false},"excerpt":{"rendered":"<p>[vc_row css=\u00a0\u00bb.vc_custom_1737894039713{padding-top: 10px !important;padding-right: 10px !important;padding-bottom: 30px !important;padding-left: 10px !important;background-color: #ffffff !important;border-radius: 35px !important;}\u00a0\u00bb][vc_column css=\u00a0\u00bb.vc_custom_1737894073663{margin-top: -70px !important;background-color: #ffffff !important;}\u00a0\u00bb][vc_empty_space][vc_row_inner][vc_column_inner width=\u00a0\u00bb1\/4&Prime;][\/vc_column_inner][vc_column_inner width=\u00a0\u00bb1\/2&Prime;][vc_custom_heading text=\u00a0\u00bbVous avez une question, souhaitez \u00e9changer avec le prestataire par t\u00e9l\u00e9phone ou obtenir des informations sur votre prestation ? Contactez nous en cliquant ici.\u00a0\u00bb font_container=\u00a0\u00bbtag:p|text_align:center|color:%231e73be\u00a0\u00bb use_theme_fonts=\u00a0\u00bbyes\u00a0\u00bb css=\u00a0\u00bb\u00a0\u00bb link=\u00a0\u00bburl:https%3A%2F%2Fsrms-pro.sn%2Fcontact-srms%2F|title:Contact\u00a0\u00bb][\/vc_column_inner][vc_column_inner width=\u00a0\u00bb1\/4&Prime;][\/vc_column_inner][\/vc_row_inner][vc_empty_space][\/vc_column][\/vc_row][vc_row][vc_column el_id=\u00a0\u00bbreservation\u00a0\u00bb css=\u00a0\u00bb.vc_custom_1737901391629{border-top-width: 30px !important;border-right-width: 30px&hellip;<\/p>\n","protected":false},"author":1,"featured_media":0,"parent":0,"menu_order":0,"comment_status":"closed","ping_status":"closed","template":"","meta":{"pgc_sgb_lightbox_settings":"","footnotes":""},"class_list":["post-2328","page","type-page","status-publish","hentry","description-off"],"yoast_head":"<!-- This site is optimized with the Yoast SEO plugin v27.1.1 - https:\/\/yoast.com\/product\/yoast-seo-wordpress\/ -->\n<title>R\u00e9servation &#8212; srms-pro<\/title>\n<meta name=\"description\" content=\"R\u00e9servation\" \/>\n<meta name=\"robots\" content=\"index, follow, max-snippet:-1, max-image-preview:large, max-video-preview:-1\" \/>\n<link rel=\"canonical\" href=\"https:\/\/www.srms-pro.sn\/?page_id=2328\" \/>\n<meta property=\"og:locale\" content=\"fr_FR\" \/>\n<meta property=\"og:type\" content=\"article\" \/>\n<meta property=\"og:title\" content=\"R\u00e9servation &#8212; srms-pro\" \/>\n<meta property=\"og:description\" content=\"R\u00e9servation\" \/>\n<meta property=\"og:url\" content=\"https:\/\/www.srms-pro.sn\/?page_id=2328\" \/>\n<meta property=\"og:site_name\" content=\"srms-pro\" \/>\n<meta property=\"article:publisher\" content=\"https:\/\/www.facebook.com\/people\/SRMS-Sngal\/100095617147912\/\" \/>\n<meta property=\"article:modified_time\" content=\"2026-02-11T16:27:11+00:00\" \/>\n<meta property=\"og:image\" content=\"https:\/\/www.srms-pro.sn\/wp-content\/uploads\/2025\/01\/152-x-152-px-ok-1.png\" \/>\n\t<meta property=\"og:image:width\" content=\"153\" \/>\n\t<meta property=\"og:image:height\" content=\"152\" \/>\n\t<meta property=\"og:image:type\" content=\"image\/png\" \/>\n<meta name=\"twitter:card\" content=\"summary_large_image\" \/>\n<meta name=\"twitter:label1\" content=\"Dur\u00e9e de lecture estim\u00e9e\" \/>\n\t<meta name=\"twitter:data1\" content=\"1 minute\" \/>\n<script type=\"application\/ld+json\" class=\"yoast-schema-graph\">{\"@context\":\"https:\/\/schema.org\",\"@graph\":[{\"@type\":\"WebPage\",\"@id\":\"https:\/\/www.srms-pro.sn\/?page_id=2328\",\"url\":\"https:\/\/www.srms-pro.sn\/?page_id=2328\",\"name\":\"R\u00e9servation &#8212; srms-pro\",\"isPartOf\":{\"@id\":\"https:\/\/www.srms-pro.sn\/#website\"},\"datePublished\":\"2025-01-25T18:26:06+00:00\",\"dateModified\":\"2026-02-11T16:27:11+00:00\",\"description\":\"R\u00e9servation\",\"breadcrumb\":{\"@id\":\"https:\/\/www.srms-pro.sn\/?page_id=2328#breadcrumb\"},\"inLanguage\":\"fr-FR\",\"potentialAction\":[{\"@type\":\"ReadAction\",\"target\":[\"https:\/\/www.srms-pro.sn\/?page_id=2328\"]}]},{\"@type\":\"BreadcrumbList\",\"@id\":\"https:\/\/www.srms-pro.sn\/?page_id=2328#breadcrumb\",\"itemListElement\":[{\"@type\":\"ListItem\",\"position\":1,\"name\":\"Accueil\",\"item\":\"https:\/\/www.srms-pro.sn\/\"},{\"@type\":\"ListItem\",\"position\":2,\"name\":\"R\u00e9servation\"}]},{\"@type\":\"WebSite\",\"@id\":\"https:\/\/www.srms-pro.sn\/#website\",\"url\":\"https:\/\/www.srms-pro.sn\/\",\"name\":\"srms-pro.sn\",\"description\":\"Dites-le, nous le b\u00e2tissons en chef-d\u2019\u0153uvre, pour un cadre \u00e0 la hauteur de vos r\u00eaves et  con\u00e7u pour durer.\",\"publisher\":{\"@id\":\"https:\/\/www.srms-pro.sn\/#organization\"},\"alternateName\":\"SRMS-PRO\",\"potentialAction\":[{\"@type\":\"SearchAction\",\"target\":{\"@type\":\"EntryPoint\",\"urlTemplate\":\"https:\/\/www.srms-pro.sn\/?s={search_term_string}\"},\"query-input\":{\"@type\":\"PropertyValueSpecification\",\"valueRequired\":true,\"valueName\":\"search_term_string\"}}],\"inLanguage\":\"fr-FR\"},{\"@type\":\"Organization\",\"@id\":\"https:\/\/www.srms-pro.sn\/#organization\",\"name\":\"srms-pro.sn\",\"alternateName\":\"SRMS-PRO\",\"url\":\"https:\/\/www.srms-pro.sn\/\",\"logo\":{\"@type\":\"ImageObject\",\"inLanguage\":\"fr-FR\",\"@id\":\"https:\/\/www.srms-pro.sn\/#\/schema\/logo\/image\/\",\"url\":\"https:\/\/srms-pro.sn\/wp-content\/uploads\/2026\/02\/logo-sn6.png\",\"contentUrl\":\"https:\/\/srms-pro.sn\/wp-content\/uploads\/2026\/02\/logo-sn6.png\",\"width\":120,\"height\":120,\"caption\":\"srms-pro.sn\"},\"image\":{\"@id\":\"https:\/\/www.srms-pro.sn\/#\/schema\/logo\/image\/\"},\"sameAs\":[\"https:\/\/www.facebook.com\/people\/SRMS-Sngal\/100095617147912\/\",\"https:\/\/www.instagram.com\/srms_senegal\/\",\"https:\/\/www.linkedin.com\/company\/linked-srmssas\/?viewAsMember=true\"]}]}<\/script>\n<!-- \/ Yoast SEO plugin. -->","yoast_head_json":{"title":"R\u00e9servation &#8212; srms-pro","description":"R\u00e9servation","robots":{"index":"index","follow":"follow","max-snippet":"max-snippet:-1","max-image-preview":"max-image-preview:large","max-video-preview":"max-video-preview:-1"},"canonical":"https:\/\/www.srms-pro.sn\/?page_id=2328","og_locale":"fr_FR","og_type":"article","og_title":"R\u00e9servation &#8212; srms-pro","og_description":"R\u00e9servation","og_url":"https:\/\/www.srms-pro.sn\/?page_id=2328","og_site_name":"srms-pro","article_publisher":"https:\/\/www.facebook.com\/people\/SRMS-Sngal\/100095617147912\/","article_modified_time":"2026-02-11T16:27:11+00:00","og_image":[{"width":153,"height":152,"url":"https:\/\/www.srms-pro.sn\/wp-content\/uploads\/2025\/01\/152-x-152-px-ok-1.png","type":"image\/png"}],"twitter_card":"summary_large_image","twitter_misc":{"Dur\u00e9e de lecture estim\u00e9e":"1 minute"},"schema":{"@context":"https:\/\/schema.org","@graph":[{"@type":"WebPage","@id":"https:\/\/www.srms-pro.sn\/?page_id=2328","url":"https:\/\/www.srms-pro.sn\/?page_id=2328","name":"R\u00e9servation &#8212; srms-pro","isPartOf":{"@id":"https:\/\/www.srms-pro.sn\/#website"},"datePublished":"2025-01-25T18:26:06+00:00","dateModified":"2026-02-11T16:27:11+00:00","description":"R\u00e9servation","breadcrumb":{"@id":"https:\/\/www.srms-pro.sn\/?page_id=2328#breadcrumb"},"inLanguage":"fr-FR","potentialAction":[{"@type":"ReadAction","target":["https:\/\/www.srms-pro.sn\/?page_id=2328"]}]},{"@type":"BreadcrumbList","@id":"https:\/\/www.srms-pro.sn\/?page_id=2328#breadcrumb","itemListElement":[{"@type":"ListItem","position":1,"name":"Accueil","item":"https:\/\/www.srms-pro.sn\/"},{"@type":"ListItem","position":2,"name":"R\u00e9servation"}]},{"@type":"WebSite","@id":"https:\/\/www.srms-pro.sn\/#website","url":"https:\/\/www.srms-pro.sn\/","name":"srms-pro.sn","description":"Dites-le, nous le b\u00e2tissons en chef-d\u2019\u0153uvre, pour un cadre \u00e0 la hauteur de vos r\u00eaves et  con\u00e7u pour durer.","publisher":{"@id":"https:\/\/www.srms-pro.sn\/#organization"},"alternateName":"SRMS-PRO","potentialAction":[{"@type":"SearchAction","target":{"@type":"EntryPoint","urlTemplate":"https:\/\/www.srms-pro.sn\/?s={search_term_string}"},"query-input":{"@type":"PropertyValueSpecification","valueRequired":true,"valueName":"search_term_string"}}],"inLanguage":"fr-FR"},{"@type":"Organization","@id":"https:\/\/www.srms-pro.sn\/#organization","name":"srms-pro.sn","alternateName":"SRMS-PRO","url":"https:\/\/www.srms-pro.sn\/","logo":{"@type":"ImageObject","inLanguage":"fr-FR","@id":"https:\/\/www.srms-pro.sn\/#\/schema\/logo\/image\/","url":"https:\/\/srms-pro.sn\/wp-content\/uploads\/2026\/02\/logo-sn6.png","contentUrl":"https:\/\/srms-pro.sn\/wp-content\/uploads\/2026\/02\/logo-sn6.png","width":120,"height":120,"caption":"srms-pro.sn"},"image":{"@id":"https:\/\/www.srms-pro.sn\/#\/schema\/logo\/image\/"},"sameAs":["https:\/\/www.facebook.com\/people\/SRMS-Sngal\/100095617147912\/","https:\/\/www.instagram.com\/srms_senegal\/","https:\/\/www.linkedin.com\/company\/linked-srmssas\/?viewAsMember=true"]}]}},"_links":{"self":[{"href":"https:\/\/www.srms-pro.sn\/index.php?rest_route=\/wp\/v2\/pages\/2328","targetHints":{"allow":["GET"]}}],"collection":[{"href":"https:\/\/www.srms-pro.sn\/index.php?rest_route=\/wp\/v2\/pages"}],"about":[{"href":"https:\/\/www.srms-pro.sn\/index.php?rest_route=\/wp\/v2\/types\/page"}],"author":[{"embeddable":true,"href":"https:\/\/www.srms-pro.sn\/index.php?rest_route=\/wp\/v2\/users\/1"}],"replies":[{"embeddable":true,"href":"https:\/\/www.srms-pro.sn\/index.php?rest_route=%2Fwp%2Fv2%2Fcomments&post=2328"}],"version-history":[{"count":25,"href":"https:\/\/www.srms-pro.sn\/index.php?rest_route=\/wp\/v2\/pages\/2328\/revisions"}],"predecessor-version":[{"id":2905,"href":"https:\/\/www.srms-pro.sn\/index.php?rest_route=\/wp\/v2\/pages\/2328\/revisions\/2905"}],"wp:attachment":[{"href":"https:\/\/www.srms-pro.sn\/index.php?rest_route=%2Fwp%2Fv2%2Fmedia&parent=2328"}],"curies":[{"name":"wp","href":"https:\/\/api.w.org\/{rel}","templated":true}]}}