{"id":1878,"date":"2024-11-25T08:20:55","date_gmt":"2024-11-25T08:20:55","guid":{"rendered":"https:\/\/srms-pro.fr\/?page_id=1878"},"modified":"2026-02-12T19:27:41","modified_gmt":"2026-02-12T19:27:41","slug":"nos-valeurs","status":"publish","type":"page","link":"https:\/\/www.srms-pro.sn\/?page_id=1878","title":{"rendered":"Nos valeurs"},"content":{"rendered":"<div class=\"wpb-content-wrapper\"><p>[vc_row type=\u00a0\u00bbvc_default\u00a0\u00bb margin_top=\u00a0\u00bb5&Prime; margin_bottom=\u00a0\u00bb15&Prime; css=\u00a0\u00bb.vc_custom_1768419424493{padding-bottom: 70px !important;}\u00a0\u00bb][vc_column width=\u00a0\u00bb1\/2&Prime;]<div id=\"ultimate-heading-392969e373b0472cc\" class=\"uvc-heading ult-adjust-bottom-margin ultimate-heading-392969e373b0472cc uvc-3285 accent-border-color\" data-hspacer=\"line_only\"  data-halign=\"left\" style=\"text-align:left\"><div class=\"uvc-main-heading ult-responsive\"  data-ultimate-target='.uvc-heading.ultimate-heading-392969e373b0472cc h2'  data-responsive-json-new='{\"font-size\":\"desktop:26px;\",\"line-height\":\"desktop:36px;\"}' ><h2 style=\"font-weight:bold;\">Nos valeurs<\/h2><\/div><div class=\"uvc-heading-spacer line_only\" style=\"margin-top:15px;margin-bottom:50px;height:4px;\"><span class=\"uvc-headings-line\" style=\"border-style:solid;border-bottom-width:4px;border-color:;width:50px;\"><\/span><\/div><\/div>[vc_column_text css=\u00a0\u00bb.vc_custom_1768144993504{margin-bottom: 0px !important;}\u00a0\u00bb]<\/p>\n<p style=\"text-align: justify;\">Chez SRMS S\u00e9n\u00e9gal, nous croyons qu&rsquo;un projet de construction ou de r\u00e9novation ne se r\u00e9sume pas \u00e0 du b\u00e9ton et de la peinture. C&rsquo;est une responsabilit\u00e9 humaine, sociale et environnementale.<\/p>\n<p style=\"text-align: justify;\">Nos valeurs guident chacune de nos d\u00e9cisions, du choix des mat\u00e9riaux \u00e0 la conduite de nos \u00e9quipes sur le terrain.<\/p>\n<p>[\/vc_column_text][\/vc_column][vc_column width=\u00a0\u00bb1\/2&Prime;]<style type=\"text\/css\" data-type=\"the7_shortcodes-inline-css\">.shortcode-single-image-wrap.shortcode-single-image-ad593d590a34d68dc0e864edd48c53b2.enable-bg-rollover .rollover i,\n.shortcode-single-image-wrap.shortcode-single-image-ad593d590a34d68dc0e864edd48c53b2.enable-bg-rollover .rollover-video i {\n  background: -webkit-linear-gradient();\n  background: linear-gradient();\n}\n.shortcode-single-image-wrap.shortcode-single-image-ad593d590a34d68dc0e864edd48c53b2 .rollover-icon {\n  font-size: 32px;\n  color: #ffffff;\n  min-width: 44px;\n  min-height: 44px;\n  line-height: 44px;\n  border-radius: 100px;\n  border-style: solid;\n  border-width: 0px;\n}\n.dt-icon-bg-on.shortcode-single-image-wrap.shortcode-single-image-ad593d590a34d68dc0e864edd48c53b2 .rollover-icon {\n  background: rgba(255,255,255,0.3);\n  box-shadow: none;\n}<\/style><div class=\"shortcode-single-image-wrap shortcode-single-image-ad593d590a34d68dc0e864edd48c53b2 alignnone  vc_custom_1768388142622 enable-bg-rollover dt-icon-bg-off\"  data-pretty-share=\"facebook,whatsapp\"><div class=\"shortcode-single-image\"><div class=\"fancy-media-wrap  layzr-bg\" style=\"\"><img fetchpriority=\"high\" decoding=\"async\" class=\"preload-me lazy-load aspect\" src=\"data:image\/svg+xml,%3Csvg%20xmlns%3D&#39;http%3A%2F%2Fwww.w3.org%2F2000%2Fsvg&#39;%20viewBox%3D&#39;0%200%201000%20500&#39;%2F%3E\" data-src=\"https:\/\/www.srms-pro.sn\/wp-content\/uploads\/2026\/01\/img0015-scaled-1000x500.jpg\" data-srcset=\"https:\/\/www.srms-pro.sn\/wp-content\/uploads\/2026\/01\/img0015-scaled-1000x500.jpg 1000w, https:\/\/www.srms-pro.sn\/wp-content\/uploads\/2026\/01\/img0015-scaled-2000x1000.jpg 2000w\" loading=\"eager\" sizes=\"(max-width: 1000px) 100vw, 1000px\" width=\"1000\" height=\"500\"  data-dt-location=\"https:\/\/www.srms-pro.sn\/?attachment_id=2616\" style=\"--ratio: 1000 \/ 500;\" alt=\"\" \/><\/div><\/div><\/div>[\/vc_column][\/vc_row][vc_row full_width=\u00a0\u00bbstretch_row\u00a0\u00bb bg_type=\u00a0\u00bbbg_color\u00a0\u00bb type=\u00a0\u00bbvc_default\u00a0\u00bb margin_top=\u00a0\u00bb5&Prime; margin_bottom=\u00a0\u00bb15&Prime; css=\u00a0\u00bb.vc_custom_1732522695814{padding-top: 70px !important;}\u00a0\u00bb bg_color_value=\u00a0\u00bb#f4f4f4&Prime;][vc_column offset=\u00a0\u00bbvc_col-lg-6 vc_col-md-6 vc_col-xs-12&Prime; css=\u00a0\u00bb.vc_custom_1493829169670{padding-bottom: 70px !important;}\u00a0\u00bb]<div class=\"standard-arrow bullet-top\"><ul>\n<li><strong style=\"font-size: 16px; text-transform: uppercase;\">Rigueur<\/strong><br \/>\nChaque chantier m\u00e9rite un suivi technique irr\u00e9prochable. Notre exigence technique et notre sens du d\u00e9tail font de nous un partenaire sur lequel on peut compter.<\/li>\n<li><strong style=\"font-size: 16px; text-transform: uppercase;\">Respect<\/strong><br \/>\nNous travaillons dans un esprit de respect constant : respect des clients, des collaborateurs, des partenaires et des communaut\u00e9s locales. Chaque chantier doit \u00eatre un espace d&rsquo;\u00e9coute, de consid\u00e9ration et de transparence.<\/li>\n<li><strong style=\"font-size: 16px; text-transform: uppercase;\">Pr\u00e9servation de l&rsquo;environnement<\/strong><br \/>\nNous adoptons des pratiques responsables : utilisation raisonn\u00e9e des ressources, choix de mat\u00e9riaux durables, r\u00e9duction de la consommation d&rsquo;eau et d&rsquo;\u00e9nergie. Nos \u00e9quipes sont form\u00e9es \u00e0 minimiser leur empreinte \u00e9cologique sur chaque site.<\/li>\n<li><strong style=\"font-size: 16px; text-transform: uppercase;\">Excellence et engagement<\/strong><br \/>\nChaque projet est une promesse tenue : livrer un r\u00e9sultat irr\u00e9prochable, durable et \u00e0 la hauteur des attentes.<\/li>\n<\/ul>\n<\/div>[\/vc_column][vc_column offset=\u00a0\u00bbvc_col-lg-6 vc_col-md-6 vc_col-xs-12&Prime; css=\u00a0\u00bb.vc_custom_1493829183360{padding-bottom: 70px !important;}\u00a0\u00bb]<div class=\"standard-arrow bullet-top\"><ul>\n<li><strong style=\"font-size: 16px; text-transform: uppercase;\">Gestion des d\u00e9chets<\/strong><br \/>\nNous assurons un tri, une collecte et une \u00e9vacuation responsables des d\u00e9chets de chantier. L&rsquo;objectif : des sites propres, s\u00fbrs et conformes aux exigences HSE locales et internationales.<\/li>\n<li><strong style=\"font-size: 16px; text-transform: uppercase;\">Non-discrimination et \u00e9quit\u00e9<\/strong><br \/>\nSRMS S\u00e9n\u00e9gal s&rsquo;engage pour l&rsquo;\u00e9galit\u00e9 des chances et la diversit\u00e9. Nos recrutements, nos collaborations et nos relations de travail sont fond\u00e9s sur la comp\u00e9tence, le m\u00e9rite et le respect de chacun, sans distinction de genre, d&rsquo;origine, de religion ou de statut social.<\/li>\n<li><strong style=\"font-size: 16px; text-transform: uppercase;\">S\u00e9curit\u00e9 et int\u00e9grit\u00e9<\/strong><br \/>\nLa s\u00e9curit\u00e9 de nos \u00e9quipes et de nos clients est une priorit\u00e9 absolue. Nous appliquons des protocoles HSE stricts pour garantir des chantiers sans incident, dans une culture d&rsquo;int\u00e9grit\u00e9 et de professionnalisme.<\/li>\n<\/ul>\n<\/div>[\/vc_column][\/vc_row][vc_row type=\u00a0\u00bbvc_default\u00a0\u00bb margin_top=\u00a0\u00bb5&Prime; margin_bottom=\u00a0\u00bb15&Prime; css=\u00a0\u00bb.vc_custom_1768649129103{padding-top: 70px !important;padding-bottom: 70px !important;}\u00a0\u00bb][vc_column width=\u00a0\u00bb1\/2&Prime;]<div id=\"ultimate-heading-429069e373b0478d5\" class=\"uvc-heading ult-adjust-bottom-margin ultimate-heading-429069e373b0478d5 uvc-5586 accent-border-color\" data-hspacer=\"line_only\"  data-halign=\"left\" style=\"text-align:left\"><div class=\"uvc-main-heading ult-responsive\"  data-ultimate-target='.uvc-heading.ultimate-heading-429069e373b0478d5 h2'  data-responsive-json-new='{\"font-size\":\"desktop:26px;\",\"line-height\":\"desktop:36px;\"}' ><h2 style=\"font-weight:bold;\">Notre signature : propret\u00e9, rigueur et durabilit\u00e9<\/h2><\/div><div class=\"uvc-heading-spacer line_only\" style=\"margin-top:15px;margin-bottom:50px;height:4px;\"><span class=\"uvc-headings-line\" style=\"border-style:solid;border-bottom-width:4px;border-color:;width:50px;\"><\/span><\/div><\/div>[vc_column_text css=\u00a0\u00bb.vc_custom_1768644982226{margin-bottom: 0px !important;}\u00a0\u00bb]<\/p>\n<p style=\"text-align: justify;\"><span style=\"font-weight: 400;\">SRMS S\u00e9n\u00e9gal se distingue par une m\u00e9thodologie claire et un suivi constant :<\/span><\/p>\n<p>[\/vc_column_text]<div class=\"uavc-list-icon uavc-list-icon-wrapper ult-adjust-bottom-margin   \"><ul class=\"uavc-list\"><li><div class=\"uavc-list-content\" id=\"list-icon-wrap-3647\">\n<div class=\"uavc-list-icon  \" data-animation=\"\" data-animation-delay=\"03\" style=\"margin-right:5px;\"><div class=\"ult-just-icon-wrapper  \"><div class=\"align-icon\" style=\"text-align:center;\">\n<div class=\"aio-icon none \"  style=\"color:#333333;font-size:32px;display:inline-block;\">\n\t<i class=\"far fa-circle-check\"><\/i>\n<\/div><\/div><\/div>\n<\/div><span  data-ultimate-target='#list-icon-wrap-3647 .uavc-list-desc'  data-responsive-json-new='{\"font-size\":\"\",\"line-height\":\"\"}'  class=\"uavc-list-desc ult-responsive\" style=\"\"><span style=\"padding-left: 10px;\">Nettoyage quotidien des zones de travail<\/span><\/span><\/div><\/li><li><div class=\"uavc-list-content\" id=\"list-icon-wrap-9817\">\n<div class=\"uavc-list-icon  \" data-animation=\"\" data-animation-delay=\"03\" style=\"margin-right:5px;\"><div class=\"ult-just-icon-wrapper  \"><div class=\"align-icon\" style=\"text-align:center;\">\n<div class=\"aio-icon none \"  style=\"color:#333333;font-size:32px;display:inline-block;\">\n\t<i class=\"far fa-circle-check\"><\/i>\n<\/div><\/div><\/div>\n<\/div><span  data-ultimate-target='#list-icon-wrap-9817 .uavc-list-desc'  data-responsive-json-new='{\"font-size\":\"\",\"line-height\":\"\"}'  class=\"uavc-list-desc ult-responsive\" style=\"\"><\/p>\n<p style=\"padding-left: 10px;\">Respect strict des normes HSE sur site<\/p>\n<p><\/span><\/div><\/li><li><div class=\"uavc-list-content\" id=\"list-icon-wrap-5162\">\n<div class=\"uavc-list-icon  \" data-animation=\"\" data-animation-delay=\"03\" style=\"margin-right:5px;\"><div class=\"ult-just-icon-wrapper  \"><div class=\"align-icon\" style=\"text-align:center;\">\n<div class=\"aio-icon none \"  style=\"color:#333333;font-size:32px;display:inline-block;\">\n\t<i class=\"far fa-circle-check\"><\/i>\n<\/div><\/div><\/div>\n<\/div><span  data-ultimate-target='#list-icon-wrap-5162 .uavc-list-desc'  data-responsive-json-new='{\"font-size\":\"\",\"line-height\":\"\"}'  class=\"uavc-list-desc ult-responsive\" style=\"\"><\/p>\n<p style=\"padding-left: 10px;\">Contr\u00f4le de qualit\u00e9 syst\u00e9matique \u00e0 chaque \u00e9tape<\/p>\n<p><\/span><\/div><\/li><li><div class=\"uavc-list-content\" id=\"list-icon-wrap-8385\">\n<div class=\"uavc-list-icon  \" data-animation=\"\" data-animation-delay=\"03\" style=\"margin-right:5px;\"><div class=\"ult-just-icon-wrapper  \"><div class=\"align-icon\" style=\"text-align:center;\">\n<div class=\"aio-icon none \"  style=\"color:#333333;font-size:32px;display:inline-block;\">\n\t<i class=\"far fa-circle-check\"><\/i>\n<\/div><\/div><\/div>\n<\/div><span  data-ultimate-target='#list-icon-wrap-8385 .uavc-list-desc'  data-responsive-json-new='{\"font-size\":\"\",\"line-height\":\"\"}'  class=\"uavc-list-desc ult-responsive\" style=\"\"><\/p>\n<p style=\"padding-left: 10px;\">Finition v\u00e9rifi\u00e9e et valid\u00e9e avant toute r\u00e9ception<\/p>\n<p><\/span><\/div><\/li><\/ul><\/div>[vc_column_text css=\u00a0\u00bb\u00a0\u00bb]<span style=\"font-weight: 400;\">Nos clients reconnaissent notre discipline de chantier, notre respect des engagements et notre volont\u00e9 de livrer un travail impeccable, jusque dans les moindres d\u00e9tails.<\/span><\/p>\n<ul>\n<li><b>Nous pensons qu&rsquo;un chantier propre, bien organis\u00e9 et livr\u00e9 \u00e0 temps est le premier signe du respect du client.<\/b><\/li>\n<\/ul>\n<p>[\/vc_column_text][\/vc_column][vc_column width=\u00a0\u00bb1\/2&Prime;]<style type=\"text\/css\" data-type=\"the7_shortcodes-inline-css\">.shortcode-single-image-wrap.shortcode-single-image-6b025b9cc80dd920b9bffcd3881c4834.enable-bg-rollover .rollover i,\n.shortcode-single-image-wrap.shortcode-single-image-6b025b9cc80dd920b9bffcd3881c4834.enable-bg-rollover .rollover-video i {\n  background: -webkit-linear-gradient();\n  background: linear-gradient();\n}\n.shortcode-single-image-wrap.shortcode-single-image-6b025b9cc80dd920b9bffcd3881c4834 .rollover-icon {\n  font-size: 32px;\n  color: #ffffff;\n  min-width: 44px;\n  min-height: 44px;\n  line-height: 44px;\n  border-radius: 100px;\n  border-style: solid;\n  border-width: 0px;\n}\n.dt-icon-bg-on.shortcode-single-image-wrap.shortcode-single-image-6b025b9cc80dd920b9bffcd3881c4834 .rollover-icon {\n  background: rgba(255,255,255,0.3);\n  box-shadow: none;\n}<\/style><div class=\"shortcode-single-image-wrap shortcode-single-image-6b025b9cc80dd920b9bffcd3881c4834 alignnone  vc_custom_1770208626566 enable-bg-rollover dt-icon-bg-off\"  data-pretty-share=\"facebook,whatsapp\"><div class=\"shortcode-single-image\"><div class=\"fancy-media-wrap  layzr-bg\" style=\"\"><img decoding=\"async\" class=\"preload-me lazy-load aspect\" src=\"data:image\/svg+xml,%3Csvg%20xmlns%3D&#39;http%3A%2F%2Fwww.w3.org%2F2000%2Fsvg&#39;%20viewBox%3D&#39;0%200%20720%20360&#39;%2F%3E\" data-src=\"https:\/\/www.srms-pro.sn\/wp-content\/uploads\/2026\/02\/image-ok5-720x360.jpeg\" data-srcset=\"https:\/\/www.srms-pro.sn\/wp-content\/uploads\/2026\/02\/image-ok5-720x360.jpeg 720w\" loading=\"eager\" sizes=\"(max-width: 720px) 100vw, 720px\" width=\"720\" height=\"360\"  data-dt-location=\"https:\/\/www.srms-pro.sn\/?attachment_id=2819\" style=\"--ratio: 720 \/ 360;\" alt=\"\" \/><\/div><\/div><\/div>[\/vc_column][\/vc_row][vc_row bg_type=\u00a0\u00bbimage\u00a0\u00bb parallax_style=\u00a0\u00bbvcpb-mlvp-jquery\u00a0\u00bb layer_image=\u00a0\u00bb2147&Prime; bg_override=\u00a0\u00bbfull\u00a0\u00bb enable_overlay=\u00a0\u00bbenable_overlay_value\u00a0\u00bb overlay_color=\u00a0\u00bbrgba(0,0,0,0.5)\u00a0\u00bb overlay_pattern_opacity=\u00a0\u00bb10&Prime; overlay_pattern_size=\u00a0\u00bb10&Prime; multi_color_overlay=\u00a0\u00bbuvc-multi-color-bg\u00a0\u00bb multi_color_overlay_opacity=\u00a0\u00bb10&Prime; type=\u00a0\u00bbvc_default\u00a0\u00bb css=\u00a0\u00bb.vc_custom_1736102721201{padding-top: 70px !important;padding-bottom: 80px !important;}\u00a0\u00bb][vc_column width=\u00a0\u00bb2\/3&Prime;]<div id=\"ultimate-heading-592769e373b047ee0\" class=\"uvc-heading ult-adjust-bottom-margin ultimate-heading-592769e373b047ee0 uvc-8350 \" data-hspacer=\"no_spacer\"  data-halign=\"left\" style=\"text-align:left\"><div class=\"uvc-heading-spacer no_spacer\" style=\"top\"><\/div><div class=\"uvc-main-heading ult-responsive\"  data-ultimate-target='.uvc-heading.ultimate-heading-592769e373b047ee0 h2'  data-responsive-json-new='{\"font-size\":\"desktop:32px;\",\"line-height\":\"desktop:42px;\"}' ><h2 style=\"font-weight:bold;color:#ffffff;margin-bottom:20px;\">Chez SRMS S\u00e9n\u00e9gal, construire, r\u00e9nover ou embellir, c'est aussi prendre soin des personnes et de l'environnement.<\/h2><\/div><div class=\"uvc-sub-heading ult-responsive\"  data-ultimate-target='.uvc-heading.ultimate-heading-592769e373b047ee0 .uvc-sub-heading '  data-responsive-json-new='{\"font-size\":\"desktop:18px;\",\"line-height\":\"desktop:30px;\"}'  style=\"font-weight:normal;color:#ffffff;margin-bottom:30px;\"><b>Nos valeurs ne sont pas des mots : ce sont des actes visibles sur chaque chantier.<\/b><\/div><\/div><style type=\"text\/css\" data-type=\"the7_shortcodes-inline-css\">#default-btn-0c28b3737dea6b73d353a3d1f00e1ce2.ico-right-side > i {\n  margin-right: 0px;\n  margin-left: 8px;\n}\n#default-btn-0c28b3737dea6b73d353a3d1f00e1ce2 > i {\n  margin-right: 8px;\n}<\/style><a href=\"https:\/\/srms-pro.sn\/demande-devis-personnalise\/\" class=\"default-btn-shortcode dt-btn dt-btn-m link-hover-off btn-inline-left  vc_custom_1770924427770\" id=\"default-btn-0c28b3737dea6b73d353a3d1f00e1ce2\" title=\"Devis gratuit\"><i class=\"fas fa-file-signature\"><\/i><span>Devis gratuit<\/span><\/a><style type=\"text\/css\" data-type=\"the7_shortcodes-inline-css\">#default-btn-9398bb120ceb73d296a0b69160d3547f.ico-right-side > i {\n  margin-right: 0px;\n  margin-left: 8px;\n}\n#default-btn-9398bb120ceb73d296a0b69160d3547f > i {\n  margin-right: 8px;\n}<\/style><a href=\"https:\/\/srms-pro.sn\/contact-srms\/\" class=\"default-btn-shortcode dt-btn dt-btn-m link-hover-off btn-inline-left \" id=\"default-btn-9398bb120ceb73d296a0b69160d3547f\" title=\"Consultation gratuite\"><i class=\"fas fa-file-alt\"><\/i><span>Consultation gratuite<\/span><\/a>[\/vc_column][\/vc_row]<\/p>\n<\/div>","protected":false},"excerpt":{"rendered":"<p>[vc_row type=\u00a0\u00bbvc_default\u00a0\u00bb margin_top=\u00a0\u00bb5&Prime; margin_bottom=\u00a0\u00bb15&Prime; css=\u00a0\u00bb.vc_custom_1768419424493{padding-bottom: 70px !important;}\u00a0\u00bb][vc_column width=\u00a0\u00bb1\/2&Prime;][vc_column_text css=\u00a0\u00bb.vc_custom_1768144993504{margin-bottom: 0px !important;}\u00a0\u00bb] Chez SRMS S\u00e9n\u00e9gal, nous croyons qu&rsquo;un projet de construction ou de r\u00e9novation ne se r\u00e9sume pas \u00e0 du b\u00e9ton et de la peinture. C&rsquo;est une responsabilit\u00e9 humaine, sociale et environnementale. Nos valeurs guident chacune de nos d\u00e9cisions, du choix des mat\u00e9riaux \u00e0 la conduite&hellip;<\/p>\n","protected":false},"author":1,"featured_media":0,"parent":0,"menu_order":0,"comment_status":"closed","ping_status":"closed","template":"","meta":{"pgc_sgb_lightbox_settings":"","footnotes":""},"class_list":["post-1878","page","type-page","status-publish","hentry","description-off"],"yoast_head":"<!-- This site is optimized with the Yoast SEO plugin v27.1.1 - https:\/\/yoast.com\/product\/yoast-seo-wordpress\/ -->\n<title>Nos valeurs &#8212; srms-pro<\/title>\n<meta name=\"description\" content=\"Nos valeurs\" \/>\n<meta name=\"robots\" content=\"index, follow, max-snippet:-1, max-image-preview:large, max-video-preview:-1\" \/>\n<link rel=\"canonical\" href=\"https:\/\/www.srms-pro.sn\/?page_id=1878\" \/>\n<meta property=\"og:locale\" content=\"fr_FR\" \/>\n<meta property=\"og:type\" content=\"article\" \/>\n<meta property=\"og:title\" content=\"Nos valeurs &#8212; srms-pro\" \/>\n<meta property=\"og:description\" content=\"Nos valeurs\" \/>\n<meta property=\"og:url\" content=\"https:\/\/www.srms-pro.sn\/?page_id=1878\" \/>\n<meta property=\"og:site_name\" content=\"srms-pro\" \/>\n<meta property=\"article:publisher\" content=\"https:\/\/www.facebook.com\/people\/SRMS-Sngal\/100095617147912\/\" \/>\n<meta property=\"article:modified_time\" content=\"2026-02-12T19:27:41+00:00\" \/>\n<meta property=\"og:image\" content=\"https:\/\/www.srms-pro.sn\/wp-content\/uploads\/2025\/01\/152-x-152-px-ok-1.png\" \/>\n\t<meta property=\"og:image:width\" content=\"153\" \/>\n\t<meta property=\"og:image:height\" content=\"152\" \/>\n\t<meta property=\"og:image:type\" content=\"image\/png\" \/>\n<meta name=\"twitter:card\" content=\"summary_large_image\" \/>\n<meta name=\"twitter:label1\" content=\"Dur\u00e9e de lecture estim\u00e9e\" \/>\n\t<meta name=\"twitter:data1\" content=\"4 minutes\" \/>\n<script type=\"application\/ld+json\" class=\"yoast-schema-graph\">{\"@context\":\"https:\/\/schema.org\",\"@graph\":[{\"@type\":\"WebPage\",\"@id\":\"https:\/\/www.srms-pro.sn\/?page_id=1878\",\"url\":\"https:\/\/www.srms-pro.sn\/?page_id=1878\",\"name\":\"Nos valeurs &#8212; srms-pro\",\"isPartOf\":{\"@id\":\"https:\/\/www.srms-pro.sn\/#website\"},\"datePublished\":\"2024-11-25T08:20:55+00:00\",\"dateModified\":\"2026-02-12T19:27:41+00:00\",\"description\":\"Nos valeurs\",\"breadcrumb\":{\"@id\":\"https:\/\/www.srms-pro.sn\/?page_id=1878#breadcrumb\"},\"inLanguage\":\"fr-FR\",\"potentialAction\":[{\"@type\":\"ReadAction\",\"target\":[\"https:\/\/www.srms-pro.sn\/?page_id=1878\"]}]},{\"@type\":\"BreadcrumbList\",\"@id\":\"https:\/\/www.srms-pro.sn\/?page_id=1878#breadcrumb\",\"itemListElement\":[{\"@type\":\"ListItem\",\"position\":1,\"name\":\"Accueil\",\"item\":\"https:\/\/www.srms-pro.sn\/\"},{\"@type\":\"ListItem\",\"position\":2,\"name\":\"Nos valeurs\"}]},{\"@type\":\"WebSite\",\"@id\":\"https:\/\/www.srms-pro.sn\/#website\",\"url\":\"https:\/\/www.srms-pro.sn\/\",\"name\":\"srms-pro.sn\",\"description\":\"Dites-le, nous le b\u00e2tissons en chef-d\u2019\u0153uvre, pour un cadre \u00e0 la hauteur de vos r\u00eaves et  con\u00e7u pour durer.\",\"publisher\":{\"@id\":\"https:\/\/www.srms-pro.sn\/#organization\"},\"alternateName\":\"SRMS-PRO\",\"potentialAction\":[{\"@type\":\"SearchAction\",\"target\":{\"@type\":\"EntryPoint\",\"urlTemplate\":\"https:\/\/www.srms-pro.sn\/?s={search_term_string}\"},\"query-input\":{\"@type\":\"PropertyValueSpecification\",\"valueRequired\":true,\"valueName\":\"search_term_string\"}}],\"inLanguage\":\"fr-FR\"},{\"@type\":\"Organization\",\"@id\":\"https:\/\/www.srms-pro.sn\/#organization\",\"name\":\"srms-pro.sn\",\"alternateName\":\"SRMS-PRO\",\"url\":\"https:\/\/www.srms-pro.sn\/\",\"logo\":{\"@type\":\"ImageObject\",\"inLanguage\":\"fr-FR\",\"@id\":\"https:\/\/www.srms-pro.sn\/#\/schema\/logo\/image\/\",\"url\":\"https:\/\/srms-pro.sn\/wp-content\/uploads\/2026\/02\/logo-sn6.png\",\"contentUrl\":\"https:\/\/srms-pro.sn\/wp-content\/uploads\/2026\/02\/logo-sn6.png\",\"width\":120,\"height\":120,\"caption\":\"srms-pro.sn\"},\"image\":{\"@id\":\"https:\/\/www.srms-pro.sn\/#\/schema\/logo\/image\/\"},\"sameAs\":[\"https:\/\/www.facebook.com\/people\/SRMS-Sngal\/100095617147912\/\",\"https:\/\/www.instagram.com\/srms_senegal\/\",\"https:\/\/www.linkedin.com\/company\/linked-srmssas\/?viewAsMember=true\"]}]}<\/script>\n<!-- \/ Yoast SEO plugin. -->","yoast_head_json":{"title":"Nos valeurs &#8212; srms-pro","description":"Nos valeurs","robots":{"index":"index","follow":"follow","max-snippet":"max-snippet:-1","max-image-preview":"max-image-preview:large","max-video-preview":"max-video-preview:-1"},"canonical":"https:\/\/www.srms-pro.sn\/?page_id=1878","og_locale":"fr_FR","og_type":"article","og_title":"Nos valeurs &#8212; srms-pro","og_description":"Nos valeurs","og_url":"https:\/\/www.srms-pro.sn\/?page_id=1878","og_site_name":"srms-pro","article_publisher":"https:\/\/www.facebook.com\/people\/SRMS-Sngal\/100095617147912\/","article_modified_time":"2026-02-12T19:27:41+00:00","og_image":[{"width":153,"height":152,"url":"https:\/\/www.srms-pro.sn\/wp-content\/uploads\/2025\/01\/152-x-152-px-ok-1.png","type":"image\/png"}],"twitter_card":"summary_large_image","twitter_misc":{"Dur\u00e9e de lecture estim\u00e9e":"4 minutes"},"schema":{"@context":"https:\/\/schema.org","@graph":[{"@type":"WebPage","@id":"https:\/\/www.srms-pro.sn\/?page_id=1878","url":"https:\/\/www.srms-pro.sn\/?page_id=1878","name":"Nos valeurs &#8212; srms-pro","isPartOf":{"@id":"https:\/\/www.srms-pro.sn\/#website"},"datePublished":"2024-11-25T08:20:55+00:00","dateModified":"2026-02-12T19:27:41+00:00","description":"Nos valeurs","breadcrumb":{"@id":"https:\/\/www.srms-pro.sn\/?page_id=1878#breadcrumb"},"inLanguage":"fr-FR","potentialAction":[{"@type":"ReadAction","target":["https:\/\/www.srms-pro.sn\/?page_id=1878"]}]},{"@type":"BreadcrumbList","@id":"https:\/\/www.srms-pro.sn\/?page_id=1878#breadcrumb","itemListElement":[{"@type":"ListItem","position":1,"name":"Accueil","item":"https:\/\/www.srms-pro.sn\/"},{"@type":"ListItem","position":2,"name":"Nos valeurs"}]},{"@type":"WebSite","@id":"https:\/\/www.srms-pro.sn\/#website","url":"https:\/\/www.srms-pro.sn\/","name":"srms-pro.sn","description":"Dites-le, nous le b\u00e2tissons en chef-d\u2019\u0153uvre, pour un cadre \u00e0 la hauteur de vos r\u00eaves et  con\u00e7u pour durer.","publisher":{"@id":"https:\/\/www.srms-pro.sn\/#organization"},"alternateName":"SRMS-PRO","potentialAction":[{"@type":"SearchAction","target":{"@type":"EntryPoint","urlTemplate":"https:\/\/www.srms-pro.sn\/?s={search_term_string}"},"query-input":{"@type":"PropertyValueSpecification","valueRequired":true,"valueName":"search_term_string"}}],"inLanguage":"fr-FR"},{"@type":"Organization","@id":"https:\/\/www.srms-pro.sn\/#organization","name":"srms-pro.sn","alternateName":"SRMS-PRO","url":"https:\/\/www.srms-pro.sn\/","logo":{"@type":"ImageObject","inLanguage":"fr-FR","@id":"https:\/\/www.srms-pro.sn\/#\/schema\/logo\/image\/","url":"https:\/\/srms-pro.sn\/wp-content\/uploads\/2026\/02\/logo-sn6.png","contentUrl":"https:\/\/srms-pro.sn\/wp-content\/uploads\/2026\/02\/logo-sn6.png","width":120,"height":120,"caption":"srms-pro.sn"},"image":{"@id":"https:\/\/www.srms-pro.sn\/#\/schema\/logo\/image\/"},"sameAs":["https:\/\/www.facebook.com\/people\/SRMS-Sngal\/100095617147912\/","https:\/\/www.instagram.com\/srms_senegal\/","https:\/\/www.linkedin.com\/company\/linked-srmssas\/?viewAsMember=true"]}]}},"_links":{"self":[{"href":"https:\/\/www.srms-pro.sn\/index.php?rest_route=\/wp\/v2\/pages\/1878","targetHints":{"allow":["GET"]}}],"collection":[{"href":"https:\/\/www.srms-pro.sn\/index.php?rest_route=\/wp\/v2\/pages"}],"about":[{"href":"https:\/\/www.srms-pro.sn\/index.php?rest_route=\/wp\/v2\/types\/page"}],"author":[{"embeddable":true,"href":"https:\/\/www.srms-pro.sn\/index.php?rest_route=\/wp\/v2\/users\/1"}],"replies":[{"embeddable":true,"href":"https:\/\/www.srms-pro.sn\/index.php?rest_route=%2Fwp%2Fv2%2Fcomments&post=1878"}],"version-history":[{"count":38,"href":"https:\/\/www.srms-pro.sn\/index.php?rest_route=\/wp\/v2\/pages\/1878\/revisions"}],"predecessor-version":[{"id":2915,"href":"https:\/\/www.srms-pro.sn\/index.php?rest_route=\/wp\/v2\/pages\/1878\/revisions\/2915"}],"wp:attachment":[{"href":"https:\/\/www.srms-pro.sn\/index.php?rest_route=%2Fwp%2Fv2%2Fmedia&parent=1878"}],"curies":[{"name":"wp","href":"https:\/\/api.w.org\/{rel}","templated":true}]}}