{"id":1538,"date":"2024-11-14T22:39:50","date_gmt":"2024-11-14T22:39:50","guid":{"rendered":"https:\/\/srms-pro.fr\/?page_id=1538"},"modified":"2026-02-12T19:02:21","modified_gmt":"2026-02-12T19:02:21","slug":"qui-sommes-nous","status":"publish","type":"page","link":"https:\/\/www.srms-pro.sn\/?page_id=1538","title":{"rendered":"Qui sommes nous?"},"content":{"rendered":"<div class=\"wpb-content-wrapper\"><p>[vc_row type=\u00a0\u00bbvc_default\u00a0\u00bb margin_top=\u00a0\u00bb5&Prime; margin_bottom=\u00a0\u00bb15&Prime; css=\u00a0\u00bb.vc_custom_1493829267800{padding-top: 70px !important;}\u00a0\u00bb][vc_column offset=\u00a0\u00bbvc_col-lg-6 vc_col-md-6 vc_col-xs-12&Prime; css=\u00a0\u00bb.vc_custom_1493829169670{padding-bottom: 70px !important;}\u00a0\u00bb]<div id=\"ultimate-heading-553369e373b0e9546\" class=\"uvc-heading ult-adjust-bottom-margin ultimate-heading-553369e373b0e9546 uvc-5809 accent-border-color\" data-hspacer=\"line_only\"  data-halign=\"left\" style=\"text-align:left\"><div class=\"uvc-main-heading ult-responsive\"  data-ultimate-target='.uvc-heading.ultimate-heading-553369e373b0e9546 h2'  data-responsive-json-new='{\"font-size\":\"desktop:26px;\",\"line-height\":\"desktop:36px;\"}' ><h2 style=\"font-weight:bold;\">SRMS S\u00e9n\u00e9gal : Une vision, une exigence, une promesse<\/h2><\/div><div class=\"uvc-heading-spacer line_only\" style=\"margin-top:15px;margin-bottom:50px;height:4px;\"><span class=\"uvc-headings-line\" style=\"border-style:solid;border-bottom-width:4px;border-color:;width:50px;\"><\/span><\/div><\/div>[vc_column_text css=\u00a0\u00bb\u00a0\u00bb]<\/p>\n<p style=\"text-align: justify;\">Bas\u00e9e \u00e0 Dakar, SRMS S\u00e9n\u00e9gal est n\u00e9e d&rsquo;une conviction : le S\u00e9n\u00e9gal m\u00e9rite des standards de construction et de r\u00e9novation \u00e0 la hauteur des grandes capitales.<\/p>\n<p style=\"text-align: justify;\">Nous avons donc b\u00e2ti une \u00e9quipe pluridisciplinaire d&rsquo;ing\u00e9nieurs, de techniciens et d&rsquo;artisans qualifi\u00e9s, alliant comp\u00e9tence fran\u00e7aise et savoir-faire local, pour livrer des ouvrages solides, durables et esth\u00e9tiques.<br \/>\nChaque projet, qu&rsquo;il s&rsquo;agisse d&rsquo;un appartement \u00e0 r\u00e9nover, d&rsquo;un immeuble \u00e0 rafra\u00eechir ou d&rsquo;un espace professionnel \u00e0 repenser, est conduit avec une m\u00e9thode structur\u00e9e, transparente et ax\u00e9e sur le r\u00e9sultat.[\/vc_column_text][\/vc_column][vc_column offset=\u00a0\u00bbvc_col-lg-6 vc_col-md-6 vc_col-xs-12&Prime; css=\u00a0\u00bb.vc_custom_1493829183360{padding-bottom: 70px !important;}\u00a0\u00bb]<style type=\"text\/css\" data-type=\"the7_shortcodes-inline-css\">.shortcode-single-image-wrap.shortcode-single-image-760e36250c723a6d3f9ca27d96fe86a6.enable-bg-rollover .rollover i,\n.shortcode-single-image-wrap.shortcode-single-image-760e36250c723a6d3f9ca27d96fe86a6.enable-bg-rollover .rollover-video i {\n  background: -webkit-linear-gradient();\n  background: linear-gradient();\n}\n.shortcode-single-image-wrap.shortcode-single-image-760e36250c723a6d3f9ca27d96fe86a6 .rollover-icon {\n  font-size: 32px;\n  color: #ffffff;\n  min-width: 44px;\n  min-height: 44px;\n  line-height: 44px;\n  border-radius: 100px;\n  border-style: solid;\n  border-width: 0px;\n}\n.dt-icon-bg-on.shortcode-single-image-wrap.shortcode-single-image-760e36250c723a6d3f9ca27d96fe86a6 .rollover-icon {\n  background: rgba(255,255,255,0.3);\n  box-shadow: none;\n}<\/style><div class=\"shortcode-single-image-wrap shortcode-single-image-760e36250c723a6d3f9ca27d96fe86a6 alignnone  vc_custom_1770048585283 enable-bg-rollover dt-icon-bg-off\"  data-pretty-share=\"facebook,whatsapp\"><div class=\"shortcode-single-image\"><div class=\"fancy-media-wrap  layzr-bg\" style=\"\"><img fetchpriority=\"high\" decoding=\"async\" class=\"preload-me lazy-load aspect\" src=\"data:image\/svg+xml,%3Csvg%20xmlns%3D&#39;http%3A%2F%2Fwww.w3.org%2F2000%2Fsvg&#39;%20viewBox%3D&#39;0%200%201000%20500&#39;%2F%3E\" data-src=\"https:\/\/www.srms-pro.sn\/wp-content\/uploads\/2026\/01\/PIKINE-2-2-1000x500.jpeg\" data-srcset=\"https:\/\/www.srms-pro.sn\/wp-content\/uploads\/2026\/01\/PIKINE-2-2-1000x500.jpeg 1000w, https:\/\/www.srms-pro.sn\/wp-content\/uploads\/2026\/01\/PIKINE-2-2-1080x540.jpeg 1080w\" loading=\"eager\" sizes=\"(max-width: 1000px) 100vw, 1000px\" width=\"1000\" height=\"500\"  data-dt-location=\"https:\/\/www.srms-pro.sn\/?attachment_id=2721\" style=\"--ratio: 1000 \/ 500;\" alt=\"\" \/><\/div><\/div><\/div>[\/vc_column][\/vc_row][vc_row full_width=\u00a0\u00bbstretch_row\u00a0\u00bb bg_type=\u00a0\u00bbbg_color\u00a0\u00bb type=\u00a0\u00bbvc_default\u00a0\u00bb margin_top=\u00a0\u00bb5&Prime; margin_bottom=\u00a0\u00bb15&Prime; css=\u00a0\u00bb.vc_custom_1732522695814{padding-top: 70px !important;}\u00a0\u00bb bg_color_value=\u00a0\u00bb#f4f4f4&Prime;][vc_column offset=\u00a0\u00bbvc_col-lg-6 vc_col-md-6 vc_col-xs-12&Prime; css=\u00a0\u00bb.vc_custom_1493829169670{padding-bottom: 70px !important;}\u00a0\u00bb]<style type=\"text\/css\" data-type=\"the7_shortcodes-inline-css\">.shortcode-single-image-wrap.shortcode-single-image-3c37a57ea25825a5c54a5521f1f4ba5e.enable-bg-rollover .rollover i,\n.shortcode-single-image-wrap.shortcode-single-image-3c37a57ea25825a5c54a5521f1f4ba5e.enable-bg-rollover .rollover-video i {\n  background: -webkit-linear-gradient();\n  background: linear-gradient();\n}\n.shortcode-single-image-wrap.shortcode-single-image-3c37a57ea25825a5c54a5521f1f4ba5e .rollover-icon {\n  font-size: 32px;\n  color: #ffffff;\n  min-width: 44px;\n  min-height: 44px;\n  line-height: 44px;\n  border-radius: 100px;\n  border-style: solid;\n  border-width: 0px;\n}\n.dt-icon-bg-on.shortcode-single-image-wrap.shortcode-single-image-3c37a57ea25825a5c54a5521f1f4ba5e .rollover-icon {\n  background: rgba(255,255,255,0.3);\n  box-shadow: none;\n}<\/style><div class=\"shortcode-single-image-wrap shortcode-single-image-3c37a57ea25825a5c54a5521f1f4ba5e alignnone  vc_custom_1770118235594 enable-bg-rollover dt-icon-bg-off\"  data-pretty-share=\"facebook,whatsapp\"><div class=\"shortcode-single-image\"><div class=\"fancy-media-wrap  layzr-bg\" style=\"\"><img decoding=\"async\" class=\"preload-me lazy-load aspect\" src=\"data:image\/svg+xml,%3Csvg%20xmlns%3D&#39;http%3A%2F%2Fwww.w3.org%2F2000%2Fsvg&#39;%20viewBox%3D&#39;0%200%201000%20500&#39;%2F%3E\" data-src=\"https:\/\/www.srms-pro.sn\/wp-content\/uploads\/2026\/02\/Gemini_Generated_Image_pf92g3pf92g3pf92-1000x500.png\" data-srcset=\"https:\/\/www.srms-pro.sn\/wp-content\/uploads\/2026\/02\/Gemini_Generated_Image_pf92g3pf92g3pf92-1000x500.png 1000w, https:\/\/www.srms-pro.sn\/wp-content\/uploads\/2026\/02\/Gemini_Generated_Image_pf92g3pf92g3pf92-1408x704.png 1408w\" loading=\"eager\" sizes=\"(max-width: 1000px) 100vw, 1000px\" width=\"1000\" height=\"500\"  data-dt-location=\"https:\/\/www.srms-pro.sn\/?attachment_id=2872\" style=\"--ratio: 1000 \/ 500;\" alt=\"\" \/><\/div><\/div><\/div>[\/vc_column][vc_column offset=\u00a0\u00bbvc_col-lg-6 vc_col-md-6 vc_col-xs-12&Prime; css=\u00a0\u00bb.vc_custom_1493829183360{padding-bottom: 70px !important;}\u00a0\u00bb]<div id=\"ultimate-heading-395969e373b0e9fcc\" class=\"uvc-heading ult-adjust-bottom-margin ultimate-heading-395969e373b0e9fcc uvc-8311 accent-border-color\" data-hspacer=\"line_only\"  data-halign=\"left\" style=\"text-align:left\"><div class=\"uvc-main-heading ult-responsive\"  data-ultimate-target='.uvc-heading.ultimate-heading-395969e373b0e9fcc h2'  data-responsive-json-new='{\"font-size\":\"desktop:26px;\",\"line-height\":\"desktop:36px;\"}' ><h2 style=\"font-weight:bold;\">Notre Identit\u00e9<\/h2><\/div><div class=\"uvc-heading-spacer line_only\" style=\"margin-top:15px;margin-bottom:50px;height:4px;\"><span class=\"uvc-headings-line\" style=\"border-style:solid;border-bottom-width:4px;border-color:;width:50px;\"><\/span><\/div><\/div>[vc_column_text css=\u00a0\u00bb\u00a0\u00bb]<\/p>\n<p style=\"text-align: justify;\">Filiale directe de <a href=\"https:\/\/srms-pro.fr\/\"><strong>SRMS France<\/strong><\/a>, nous apportons le savoir-faire europ\u00e9en dans la r\u00e9novation et l&#8217;embellissement des b\u00e2timents au S\u00e9n\u00e9gal. Nous avons b\u00e2ti notre r\u00e9putation sur la rigueur, la pr\u00e9cision et le respect des engagements.<\/p>\n<p>&nbsp;<\/p>\n<p style=\"text-align: justify;\"><strong>Nous ne \u00ab\u00a0peignons\u00a0\u00bb pas : nous transformons vos espaces en lieux de vie durables, confortables et esth\u00e9tiques.<\/strong><\/p>\n<p>[\/vc_column_text][\/vc_column][\/vc_row][vc_row type=\u00a0\u00bbvc_default\u00a0\u00bb margin_top=\u00a0\u00bb5&Prime; margin_bottom=\u00a0\u00bb15&Prime; css=\u00a0\u00bb.vc_custom_1493829267800{padding-top: 70px !important;}\u00a0\u00bb][vc_column offset=\u00a0\u00bbvc_col-lg-6 vc_col-md-6 vc_col-xs-12&Prime; css=\u00a0\u00bb.vc_custom_1493829169670{padding-bottom: 70px !important;}\u00a0\u00bb]<div id=\"ultimate-heading-814969e373b0ea001\" class=\"uvc-heading ult-adjust-bottom-margin ultimate-heading-814969e373b0ea001 uvc-2648 accent-border-color\" data-hspacer=\"line_only\"  data-halign=\"left\" style=\"text-align:left\"><div class=\"uvc-main-heading ult-responsive\"  data-ultimate-target='.uvc-heading.ultimate-heading-814969e373b0ea001 h2'  data-responsive-json-new='{\"font-size\":\"desktop:26px;\",\"line-height\":\"desktop:36px;\"}' ><h2 style=\"font-weight:bold;\">Notre Mission<\/h2><\/div><div class=\"uvc-heading-spacer line_only\" style=\"margin-top:15px;margin-bottom:50px;height:4px;\"><span class=\"uvc-headings-line\" style=\"border-style:solid;border-bottom-width:4px;border-color:;width:50px;\"><\/span><\/div><\/div>[vc_column_text css=\u00a0\u00bb\u00a0\u00bb]<\/p>\n<p style=\"text-align: justify;\">Accompagner nos clients, particuliers, promoteurs, investisseurs et institutions dans la transformation de leurs espaces en lieux durables, confortables et esth\u00e9tiques.<\/p>\n<p>[\/vc_column_text][\/vc_column][vc_column offset=\u00a0\u00bbvc_col-lg-6 vc_col-md-6 vc_col-xs-12&Prime; css=\u00a0\u00bb.vc_custom_1493829183360{padding-bottom: 70px !important;}\u00a0\u00bb]<style type=\"text\/css\" data-type=\"the7_shortcodes-inline-css\">.shortcode-single-image-wrap.shortcode-single-image-6b7154d61ea67d539549bc51d2c9488c.enable-bg-rollover .rollover i,\n.shortcode-single-image-wrap.shortcode-single-image-6b7154d61ea67d539549bc51d2c9488c.enable-bg-rollover .rollover-video i {\n  background: -webkit-linear-gradient();\n  background: linear-gradient();\n}\n.shortcode-single-image-wrap.shortcode-single-image-6b7154d61ea67d539549bc51d2c9488c .rollover-icon {\n  font-size: 32px;\n  color: #ffffff;\n  min-width: 44px;\n  min-height: 44px;\n  line-height: 44px;\n  border-radius: 100px;\n  border-style: solid;\n  border-width: 0px;\n}\n.dt-icon-bg-on.shortcode-single-image-wrap.shortcode-single-image-6b7154d61ea67d539549bc51d2c9488c .rollover-icon {\n  background: rgba(255,255,255,0.3);\n  box-shadow: none;\n}<\/style><div class=\"shortcode-single-image-wrap shortcode-single-image-6b7154d61ea67d539549bc51d2c9488c alignnone  vc_custom_1768647704301 enable-bg-rollover dt-icon-bg-off\"  data-pretty-share=\"facebook,whatsapp\"><div class=\"shortcode-single-image\"><div class=\"fancy-media-wrap  layzr-bg\" style=\"\"><img decoding=\"async\" class=\"preload-me lazy-load aspect\" src=\"data:image\/svg+xml,%3Csvg%20xmlns%3D&#39;http%3A%2F%2Fwww.w3.org%2F2000%2Fsvg&#39;%20viewBox%3D&#39;0%200%201000%20500&#39;%2F%3E\" data-src=\"https:\/\/www.srms-pro.sn\/wp-content\/uploads\/2026\/01\/img00012-1000x500.jpg\" data-srcset=\"https:\/\/www.srms-pro.sn\/wp-content\/uploads\/2026\/01\/img00012-1000x500.jpg 1000w, https:\/\/www.srms-pro.sn\/wp-content\/uploads\/2026\/01\/img00012-1280x640.jpg 1280w\" loading=\"eager\" sizes=\"(max-width: 1000px) 100vw, 1000px\" width=\"1000\" height=\"500\"  data-dt-location=\"https:\/\/www.srms-pro.sn\/?attachment_id=2612\" style=\"--ratio: 1000 \/ 500;\" alt=\"\" \/><\/div><\/div><\/div>[\/vc_column][\/vc_row][vc_row full_width=\u00a0\u00bbstretch_row\u00a0\u00bb bg_type=\u00a0\u00bbbg_color\u00a0\u00bb css=\u00a0\u00bb.vc_custom_1768649071759{padding-top: 70px !important;padding-bottom: 70px !important;}\u00a0\u00bb bg_color_value=\u00a0\u00bb#f4f4f4&Prime;][vc_column]<div id=\"ultimate-heading-555269e373b0ea459\" class=\"uvc-heading ult-adjust-bottom-margin ultimate-heading-555269e373b0ea459 uvc-9956 accent-border-color\" data-hspacer=\"line_only\"  data-halign=\"left\" style=\"text-align:left\"><div class=\"uvc-main-heading ult-responsive\"  data-ultimate-target='.uvc-heading.ultimate-heading-555269e373b0ea459 h2'  data-responsive-json-new='{\"font-size\":\"desktop:26px;\",\"line-height\":\"desktop:36px;\"}' ><h2 style=\"font-weight:bold;\">Notre Expertise<\/h2><\/div><div class=\"uvc-heading-spacer line_only\" style=\"margin-top:15px;margin-bottom:50px;height:4px;\"><span class=\"uvc-headings-line\" style=\"border-style:solid;border-bottom-width:4px;border-color:;width:50px;\"><\/span><\/div><\/div>[vc_empty_space]<div class=\"standard-arrow list-divider bullet-top\"><ul>\n<li><b>\u00c9quipes pluridisciplinaires<\/b><span style=\"font-weight: 400;\"> : Ing\u00e9nieurs, techniciens et artisans qualifi\u00e9s ma\u00eetrisant chaque corps d&rsquo;\u00e9tat.<\/span><\/li>\n<li><b>Formation continue<\/b> : <span style=\"font-weight: 400;\">Nos \u00e9quipes sont r\u00e9guli\u00e8rement form\u00e9es aux nouvelles techniques et aux \u00e9volutions des normes.<\/span><\/li>\n<li><b>Coordination rigoureuse<\/b><span style=\"font-weight: 400;\"> : Nous coordonnons chaque m\u00e9tier comme une partition : chaque artisan conna\u00eet sa note, et l&rsquo;ensemble cr\u00e9e une harmonie parfaite.<\/span><\/li>\n<li><b>Standards europ\u00e9ens<\/b><span style=\"font-weight: 400;\"> : Tous nos travaux respectent les normes de qualit\u00e9 et de s\u00e9curit\u00e9 en vigueur en Europe, adapt\u00e9es aux sp\u00e9cificit\u00e9s locales.<\/span><\/li>\n<li><b>Garanties sur nos travaux de second \u0153uvre<\/b><\/li>\n<li><b><\/b><b>Garantie d\u00e9cennale<\/b><span style=\"font-weight: 400;\"> : Nous garantissons la solidit\u00e9 et la conformit\u00e9 de nos travaux pour une dur\u00e9e de 10 ans \u00e0 compter de la r\u00e9ception du chantier.<\/span><\/li>\n<li><b>Garantie de parfait ach\u00e8vement<\/b><span style=\"font-weight: 400;\"> : Pendant 1 an, nous intervenons gratuitement pour corriger tout d\u00e9faut ou malfa\u00e7on signal\u00e9.<\/span><\/li>\n<li><b>Garantie biennale<\/b><span style=\"font-weight: 400;\"> : \u00c9quipements dissociables (climatisation, sanitaires, menuiseries) garantis 2 ans.<\/span><\/li>\n<li><b>Assurance responsabilit\u00e9 civile<\/b><span style=\"font-weight: 400;\"> : Tous nos chantiers sont couverts par une assurance professionnelle.<\/span><\/li>\n<li><b>Service apr\u00e8s-vente r\u00e9actif<\/b><span style=\"font-weight: 400;\"> : Une \u00e9quipe disponible pour r\u00e9pondre \u00e0 vos demandes et intervenir rapidement en cas de besoin.<\/span><\/li>\n<li><b>Mat\u00e9riaux certifi\u00e9s<\/b><span style=\"font-weight: 400;\"> : Nous n&rsquo;utilisons que des mat\u00e9riaux de qualit\u00e9, certifi\u00e9s et adapt\u00e9s au climat s\u00e9n\u00e9galais, pour garantir la durabilit\u00e9 de nos installations.<\/span><\/li>\n<\/ul>\n<\/div>[\/vc_column][\/vc_row][vc_row bg_type=\u00a0\u00bbimage\u00a0\u00bb parallax_style=\u00a0\u00bbvcpb-mlvp-jquery\u00a0\u00bb layer_image=\u00a0\u00bb1882&Prime; bg_override=\u00a0\u00bbfull\u00a0\u00bb enable_overlay=\u00a0\u00bbenable_overlay_value\u00a0\u00bb overlay_color=\u00a0\u00bbrgba(0,0,0,0.5)\u00a0\u00bb overlay_pattern_opacity=\u00a0\u00bb10&Prime; overlay_pattern_size=\u00a0\u00bb10&Prime; multi_color_overlay=\u00a0\u00bbuvc-multi-color-bg\u00a0\u00bb multi_color_overlay_opacity=\u00a0\u00bb10&Prime; type=\u00a0\u00bbvc_default\u00a0\u00bb css=\u00a0\u00bb.vc_custom_1732529869916{padding-top: 70px !important;padding-bottom: 80px !important;}\u00a0\u00bb][vc_column width=\u00a0\u00bb2\/3&Prime;]<div id=\"ultimate-heading-874369e373b0ea4d7\" class=\"uvc-heading ult-adjust-bottom-margin ultimate-heading-874369e373b0ea4d7 uvc-7134 \" data-hspacer=\"no_spacer\"  data-halign=\"left\" style=\"text-align:left\"><div class=\"uvc-heading-spacer no_spacer\" style=\"top\"><\/div><div class=\"uvc-main-heading ult-responsive\"  data-ultimate-target='.uvc-heading.ultimate-heading-874369e373b0ea4d7 h2'  data-responsive-json-new='{\"font-size\":\"desktop:32px;\",\"line-height\":\"desktop:42px;\"}' ><h2 style=\"font-weight:bold;color:#ffffff;margin-bottom:20px;\">Faites le premier pas vers votre projet r\u00eav\u00e9.<\/h2><\/div><div class=\"uvc-sub-heading ult-responsive\"  data-ultimate-target='.uvc-heading.ultimate-heading-874369e373b0ea4d7 .uvc-sub-heading '  data-responsive-json-new='{\"font-size\":\"desktop:18px;\",\"line-height\":\"desktop:30px;\"}'  style=\"font-weight:normal;color:#ffffff;margin-bottom:30px;\">Dites-le, nous le b\u00e2tissons en chef-d\u2019\u0153uvre, pour un cadre \u00e0 la hauteur de vos r\u00eaves et<br \/>\ncon\u00e7u pour durer.<\/div><\/div><style type=\"text\/css\" data-type=\"the7_shortcodes-inline-css\">#default-btn-c678bad2d8ec53faaf5da9a853237da5.ico-right-side > i {\n  margin-right: 0px;\n  margin-left: 8px;\n}\n#default-btn-c678bad2d8ec53faaf5da9a853237da5 > i {\n  margin-right: 8px;\n}<\/style><a href=\"https:\/\/srms-pro.sn\/demande-devis-personnalise\/\" class=\"default-btn-shortcode dt-btn dt-btn-m link-hover-off btn-inline-left  vc_custom_1770922702169\" id=\"default-btn-c678bad2d8ec53faaf5da9a853237da5\" title=\"Devis gratuit\"><i class=\"fas fa-file-signature\"><\/i><span>Devis gratuit<\/span><\/a><style type=\"text\/css\" data-type=\"the7_shortcodes-inline-css\">#default-btn-e92e6f50ccc7bd57cfdc5754da2263dd.ico-right-side > i {\n  margin-right: 0px;\n  margin-left: 8px;\n}\n#default-btn-e92e6f50ccc7bd57cfdc5754da2263dd > i {\n  margin-right: 8px;\n}<\/style><a href=\"https:\/\/srms-pro.sn\/contact-srms\/\" class=\"default-btn-shortcode dt-btn dt-btn-m link-hover-off btn-inline-left \" id=\"default-btn-e92e6f50ccc7bd57cfdc5754da2263dd\" title=\"Consultation gratuite\"><i class=\"fas fa-clipboard-list\"><\/i><span>Consultation gratuite<\/span><\/a>[\/vc_column][\/vc_row]<\/p>\n<\/div>","protected":false},"excerpt":{"rendered":"<p>[vc_row type=\u00a0\u00bbvc_default\u00a0\u00bb margin_top=\u00a0\u00bb5&Prime; margin_bottom=\u00a0\u00bb15&Prime; css=\u00a0\u00bb.vc_custom_1493829267800{padding-top: 70px !important;}\u00a0\u00bb][vc_column offset=\u00a0\u00bbvc_col-lg-6 vc_col-md-6 vc_col-xs-12&Prime; css=\u00a0\u00bb.vc_custom_1493829169670{padding-bottom: 70px !important;}\u00a0\u00bb][vc_column_text css=\u00a0\u00bb\u00a0\u00bb] Bas\u00e9e \u00e0 Dakar, SRMS S\u00e9n\u00e9gal est n\u00e9e d&rsquo;une conviction : le S\u00e9n\u00e9gal m\u00e9rite des standards de construction et de r\u00e9novation \u00e0 la hauteur des grandes capitales. Nous avons donc b\u00e2ti une \u00e9quipe pluridisciplinaire d&rsquo;ing\u00e9nieurs, de techniciens et d&rsquo;artisans qualifi\u00e9s, alliant comp\u00e9tence&hellip;<\/p>\n","protected":false},"author":1,"featured_media":0,"parent":0,"menu_order":0,"comment_status":"closed","ping_status":"closed","template":"","meta":{"pgc_sgb_lightbox_settings":"","footnotes":""},"class_list":["post-1538","page","type-page","status-publish","hentry","description-off"],"yoast_head":"<!-- This site is optimized with the Yoast SEO plugin v27.1.1 - https:\/\/yoast.com\/product\/yoast-seo-wordpress\/ -->\n<title>Qui sommes nous? &#8212; srms-pro<\/title>\n<meta name=\"description\" content=\"Qui sommes nous?\" \/>\n<meta name=\"robots\" content=\"index, follow, max-snippet:-1, max-image-preview:large, max-video-preview:-1\" \/>\n<link rel=\"canonical\" href=\"https:\/\/www.srms-pro.sn\/?page_id=1538\" \/>\n<meta property=\"og:locale\" content=\"fr_FR\" \/>\n<meta property=\"og:type\" content=\"article\" \/>\n<meta property=\"og:title\" content=\"Qui sommes nous? &#8212; srms-pro\" \/>\n<meta property=\"og:description\" content=\"Qui sommes nous?\" \/>\n<meta property=\"og:url\" content=\"https:\/\/www.srms-pro.sn\/?page_id=1538\" \/>\n<meta property=\"og:site_name\" content=\"srms-pro\" \/>\n<meta property=\"article:publisher\" content=\"https:\/\/www.facebook.com\/people\/SRMS-Sngal\/100095617147912\/\" \/>\n<meta property=\"article:modified_time\" content=\"2026-02-12T19:02:21+00:00\" \/>\n<meta property=\"og:image\" content=\"https:\/\/www.srms-pro.sn\/wp-content\/uploads\/2025\/01\/152-x-152-px-ok-1.png\" \/>\n\t<meta property=\"og:image:width\" content=\"153\" \/>\n\t<meta property=\"og:image:height\" content=\"152\" \/>\n\t<meta property=\"og:image:type\" content=\"image\/png\" \/>\n<meta name=\"twitter:card\" content=\"summary_large_image\" \/>\n<meta name=\"twitter:label1\" content=\"Dur\u00e9e de lecture estim\u00e9e\" \/>\n\t<meta name=\"twitter:data1\" content=\"3 minutes\" \/>\n<script type=\"application\/ld+json\" class=\"yoast-schema-graph\">{\"@context\":\"https:\/\/schema.org\",\"@graph\":[{\"@type\":\"WebPage\",\"@id\":\"https:\/\/www.srms-pro.sn\/?page_id=1538\",\"url\":\"https:\/\/www.srms-pro.sn\/?page_id=1538\",\"name\":\"Qui sommes nous? &#8212; srms-pro\",\"isPartOf\":{\"@id\":\"https:\/\/www.srms-pro.sn\/#website\"},\"datePublished\":\"2024-11-14T22:39:50+00:00\",\"dateModified\":\"2026-02-12T19:02:21+00:00\",\"description\":\"Qui sommes nous?\",\"breadcrumb\":{\"@id\":\"https:\/\/www.srms-pro.sn\/?page_id=1538#breadcrumb\"},\"inLanguage\":\"fr-FR\",\"potentialAction\":[{\"@type\":\"ReadAction\",\"target\":[\"https:\/\/www.srms-pro.sn\/?page_id=1538\"]}]},{\"@type\":\"BreadcrumbList\",\"@id\":\"https:\/\/www.srms-pro.sn\/?page_id=1538#breadcrumb\",\"itemListElement\":[{\"@type\":\"ListItem\",\"position\":1,\"name\":\"Accueil\",\"item\":\"https:\/\/www.srms-pro.sn\/\"},{\"@type\":\"ListItem\",\"position\":2,\"name\":\"Qui sommes nous?\"}]},{\"@type\":\"WebSite\",\"@id\":\"https:\/\/www.srms-pro.sn\/#website\",\"url\":\"https:\/\/www.srms-pro.sn\/\",\"name\":\"srms-pro.sn\",\"description\":\"Dites-le, nous le b\u00e2tissons en chef-d\u2019\u0153uvre, pour un cadre \u00e0 la hauteur de vos r\u00eaves et  con\u00e7u pour durer.\",\"publisher\":{\"@id\":\"https:\/\/www.srms-pro.sn\/#organization\"},\"alternateName\":\"SRMS-PRO\",\"potentialAction\":[{\"@type\":\"SearchAction\",\"target\":{\"@type\":\"EntryPoint\",\"urlTemplate\":\"https:\/\/www.srms-pro.sn\/?s={search_term_string}\"},\"query-input\":{\"@type\":\"PropertyValueSpecification\",\"valueRequired\":true,\"valueName\":\"search_term_string\"}}],\"inLanguage\":\"fr-FR\"},{\"@type\":\"Organization\",\"@id\":\"https:\/\/www.srms-pro.sn\/#organization\",\"name\":\"srms-pro.sn\",\"alternateName\":\"SRMS-PRO\",\"url\":\"https:\/\/www.srms-pro.sn\/\",\"logo\":{\"@type\":\"ImageObject\",\"inLanguage\":\"fr-FR\",\"@id\":\"https:\/\/www.srms-pro.sn\/#\/schema\/logo\/image\/\",\"url\":\"https:\/\/srms-pro.sn\/wp-content\/uploads\/2026\/02\/logo-sn6.png\",\"contentUrl\":\"https:\/\/srms-pro.sn\/wp-content\/uploads\/2026\/02\/logo-sn6.png\",\"width\":120,\"height\":120,\"caption\":\"srms-pro.sn\"},\"image\":{\"@id\":\"https:\/\/www.srms-pro.sn\/#\/schema\/logo\/image\/\"},\"sameAs\":[\"https:\/\/www.facebook.com\/people\/SRMS-Sngal\/100095617147912\/\",\"https:\/\/www.instagram.com\/srms_senegal\/\",\"https:\/\/www.linkedin.com\/company\/linked-srmssas\/?viewAsMember=true\"]}]}<\/script>\n<!-- \/ Yoast SEO plugin. -->","yoast_head_json":{"title":"Qui sommes nous? &#8212; srms-pro","description":"Qui sommes nous?","robots":{"index":"index","follow":"follow","max-snippet":"max-snippet:-1","max-image-preview":"max-image-preview:large","max-video-preview":"max-video-preview:-1"},"canonical":"https:\/\/www.srms-pro.sn\/?page_id=1538","og_locale":"fr_FR","og_type":"article","og_title":"Qui sommes nous? &#8212; srms-pro","og_description":"Qui sommes nous?","og_url":"https:\/\/www.srms-pro.sn\/?page_id=1538","og_site_name":"srms-pro","article_publisher":"https:\/\/www.facebook.com\/people\/SRMS-Sngal\/100095617147912\/","article_modified_time":"2026-02-12T19:02:21+00:00","og_image":[{"width":153,"height":152,"url":"https:\/\/www.srms-pro.sn\/wp-content\/uploads\/2025\/01\/152-x-152-px-ok-1.png","type":"image\/png"}],"twitter_card":"summary_large_image","twitter_misc":{"Dur\u00e9e de lecture estim\u00e9e":"3 minutes"},"schema":{"@context":"https:\/\/schema.org","@graph":[{"@type":"WebPage","@id":"https:\/\/www.srms-pro.sn\/?page_id=1538","url":"https:\/\/www.srms-pro.sn\/?page_id=1538","name":"Qui sommes nous? &#8212; srms-pro","isPartOf":{"@id":"https:\/\/www.srms-pro.sn\/#website"},"datePublished":"2024-11-14T22:39:50+00:00","dateModified":"2026-02-12T19:02:21+00:00","description":"Qui sommes nous?","breadcrumb":{"@id":"https:\/\/www.srms-pro.sn\/?page_id=1538#breadcrumb"},"inLanguage":"fr-FR","potentialAction":[{"@type":"ReadAction","target":["https:\/\/www.srms-pro.sn\/?page_id=1538"]}]},{"@type":"BreadcrumbList","@id":"https:\/\/www.srms-pro.sn\/?page_id=1538#breadcrumb","itemListElement":[{"@type":"ListItem","position":1,"name":"Accueil","item":"https:\/\/www.srms-pro.sn\/"},{"@type":"ListItem","position":2,"name":"Qui sommes nous?"}]},{"@type":"WebSite","@id":"https:\/\/www.srms-pro.sn\/#website","url":"https:\/\/www.srms-pro.sn\/","name":"srms-pro.sn","description":"Dites-le, nous le b\u00e2tissons en chef-d\u2019\u0153uvre, pour un cadre \u00e0 la hauteur de vos r\u00eaves et  con\u00e7u pour durer.","publisher":{"@id":"https:\/\/www.srms-pro.sn\/#organization"},"alternateName":"SRMS-PRO","potentialAction":[{"@type":"SearchAction","target":{"@type":"EntryPoint","urlTemplate":"https:\/\/www.srms-pro.sn\/?s={search_term_string}"},"query-input":{"@type":"PropertyValueSpecification","valueRequired":true,"valueName":"search_term_string"}}],"inLanguage":"fr-FR"},{"@type":"Organization","@id":"https:\/\/www.srms-pro.sn\/#organization","name":"srms-pro.sn","alternateName":"SRMS-PRO","url":"https:\/\/www.srms-pro.sn\/","logo":{"@type":"ImageObject","inLanguage":"fr-FR","@id":"https:\/\/www.srms-pro.sn\/#\/schema\/logo\/image\/","url":"https:\/\/srms-pro.sn\/wp-content\/uploads\/2026\/02\/logo-sn6.png","contentUrl":"https:\/\/srms-pro.sn\/wp-content\/uploads\/2026\/02\/logo-sn6.png","width":120,"height":120,"caption":"srms-pro.sn"},"image":{"@id":"https:\/\/www.srms-pro.sn\/#\/schema\/logo\/image\/"},"sameAs":["https:\/\/www.facebook.com\/people\/SRMS-Sngal\/100095617147912\/","https:\/\/www.instagram.com\/srms_senegal\/","https:\/\/www.linkedin.com\/company\/linked-srmssas\/?viewAsMember=true"]}]}},"_links":{"self":[{"href":"https:\/\/www.srms-pro.sn\/index.php?rest_route=\/wp\/v2\/pages\/1538","targetHints":{"allow":["GET"]}}],"collection":[{"href":"https:\/\/www.srms-pro.sn\/index.php?rest_route=\/wp\/v2\/pages"}],"about":[{"href":"https:\/\/www.srms-pro.sn\/index.php?rest_route=\/wp\/v2\/types\/page"}],"author":[{"embeddable":true,"href":"https:\/\/www.srms-pro.sn\/index.php?rest_route=\/wp\/v2\/users\/1"}],"replies":[{"embeddable":true,"href":"https:\/\/www.srms-pro.sn\/index.php?rest_route=%2Fwp%2Fv2%2Fcomments&post=1538"}],"version-history":[{"count":47,"href":"https:\/\/www.srms-pro.sn\/index.php?rest_route=\/wp\/v2\/pages\/1538\/revisions"}],"predecessor-version":[{"id":2911,"href":"https:\/\/www.srms-pro.sn\/index.php?rest_route=\/wp\/v2\/pages\/1538\/revisions\/2911"}],"wp:attachment":[{"href":"https:\/\/www.srms-pro.sn\/index.php?rest_route=%2Fwp%2Fv2%2Fmedia&parent=1538"}],"curies":[{"name":"wp","href":"https:\/\/api.w.org\/{rel}","templated":true}]}}