{"id":1512,"date":"2024-11-14T01:55:45","date_gmt":"2024-11-14T01:55:45","guid":{"rendered":"https:\/\/srms-pro.fr\/?page_id=1512"},"modified":"2026-02-11T16:33:11","modified_gmt":"2026-02-11T16:33:11","slug":"demande-devis-personnalise","status":"publish","type":"page","link":"https:\/\/www.srms-pro.sn\/?page_id=1512","title":{"rendered":"Demandez un devis"},"content":{"rendered":"<div class=\"wpb-content-wrapper\"><p>[vc_row][vc_column]<div class=\"dt-fancy-separator h1-size\" style=\"width: 100%;\"><div class=\"dt-fancy-title\"><span class=\"separator-holder separator-left\"><\/span>Devis gratuit en 48h<span class=\"separator-holder separator-right\"><\/span><\/div><\/div>[vc_empty_space][vc_row_inner][vc_column_inner width=\u00a0\u00bb1\/4&Prime;][\/vc_column_inner][vc_column_inner width=\u00a0\u00bb1\/2&Prime;][vc_custom_heading text=\u00a0\u00bbVous avez un projet de r\u00e9novation, de peinture, de finition ou d&rsquo;am\u00e9nagement int\u00e9rieur ?<br \/>\nRemplissez le formulaire ci-dessous : notre \u00e9quipe vous contactera sous 48 heures ouvr\u00e9es pour un devis clair, complet et sans engagement.\u00a0\u00bb font_container=\u00a0\u00bbtag:p|text_align:center|color:%231e73be\u00a0\u00bb use_theme_fonts=\u00a0\u00bbyes\u00a0\u00bb css=\u00a0\u00bb\u00a0\u00bb link=\u00a0\u00bburl:https%3A%2F%2Fsrms-pro.sn%2Fcontact-srms%2F|title:Contact\u00a0\u00bb][\/vc_column_inner][vc_column_inner width=\u00a0\u00bb1\/4&Prime;][\/vc_column_inner][\/vc_row_inner][vc_empty_space][\/vc_column][\/vc_row][vc_row css=\u00a0\u00bb.vc_custom_1737901218438{border-top-width: 30px !important;border-right-width: 30px !important;border-bottom-width: 30px !important;border-left-width: 30px !important;border-left-style: solid !important;border-right-style: solid !important;border-top-style: solid !important;border-bottom-style: solid !important;border-radius: 3px !important;border-color: #f5f5f5 !important;}\u00a0\u00bb el_id=\u00a0\u00bbdevis\u00a0\u00bb][vc_column][vc_raw_html css=\u00a0\u00bb\u00a0\u00bb]JTVCY2FsZGVyYV9mb3JtJTIwaWQlM0QlMjJDRjY3NDM2ZDRmMTVhYTAlMjIlNUQ=[\/vc_raw_html][\/vc_column][\/vc_row][vc_row][vc_column][vc_column_text css=\u00a0\u00bb\u00a0\u00bb]<span style=\"font-weight: 400;\">Chaque demande est trait\u00e9e avec s\u00e9rieux, confidentialit\u00e9 et r\u00e9activit\u00e9.<\/span>[\/vc_column_text][\/vc_column][\/vc_row]<\/p>\n<\/div>","protected":false},"excerpt":{"rendered":"<p>[vc_row][vc_column][vc_empty_space][vc_row_inner][vc_column_inner width=\u00a0\u00bb1\/4&Prime;][\/vc_column_inner][vc_column_inner width=\u00a0\u00bb1\/2&Prime;][vc_custom_heading text=\u00a0\u00bbVous avez un projet de r\u00e9novation, de peinture, de finition ou d&rsquo;am\u00e9nagement int\u00e9rieur ? Remplissez le formulaire ci-dessous : notre \u00e9quipe vous contactera sous 48 heures ouvr\u00e9es pour un devis clair, complet et sans engagement.\u00a0\u00bb font_container=\u00a0\u00bbtag:p|text_align:center|color:%231e73be\u00a0\u00bb use_theme_fonts=\u00a0\u00bbyes\u00a0\u00bb css=\u00a0\u00bb\u00a0\u00bb link=\u00a0\u00bburl:https%3A%2F%2Fsrms-pro.sn%2Fcontact-srms%2F|title:Contact\u00a0\u00bb][\/vc_column_inner][vc_column_inner width=\u00a0\u00bb1\/4&Prime;][\/vc_column_inner][\/vc_row_inner][vc_empty_space][\/vc_column][\/vc_row][vc_row css=\u00a0\u00bb.vc_custom_1737901218438{border-top-width: 30px !important;border-right-width: 30px !important;border-bottom-width: 30px !important;border-left-width: 30px !important;border-left-style: solid !important;border-right-style: solid&hellip;<\/p>\n","protected":false},"author":1,"featured_media":0,"parent":0,"menu_order":0,"comment_status":"closed","ping_status":"closed","template":"","meta":{"pgc_sgb_lightbox_settings":"","footnotes":""},"class_list":["post-1512","page","type-page","status-publish","hentry","description-off"],"yoast_head":"<!-- This site is optimized with the Yoast SEO plugin v27.1.1 - https:\/\/yoast.com\/product\/yoast-seo-wordpress\/ -->\n<title>Demandez un devis &#8212; srms-pro<\/title>\n<meta name=\"description\" content=\"Demandez un devis\" \/>\n<meta name=\"robots\" content=\"index, follow, max-snippet:-1, max-image-preview:large, max-video-preview:-1\" \/>\n<link rel=\"canonical\" href=\"https:\/\/www.srms-pro.sn\/?page_id=1512\" \/>\n<meta property=\"og:locale\" content=\"fr_FR\" \/>\n<meta property=\"og:type\" content=\"article\" \/>\n<meta property=\"og:title\" content=\"Demandez un devis &#8212; srms-pro\" \/>\n<meta property=\"og:description\" content=\"Demandez un devis\" \/>\n<meta property=\"og:url\" content=\"https:\/\/www.srms-pro.sn\/?page_id=1512\" \/>\n<meta property=\"og:site_name\" content=\"srms-pro\" \/>\n<meta property=\"article:publisher\" content=\"https:\/\/www.facebook.com\/people\/SRMS-Sngal\/100095617147912\/\" \/>\n<meta property=\"article:modified_time\" content=\"2026-02-11T16:33:11+00:00\" \/>\n<meta property=\"og:image\" content=\"https:\/\/www.srms-pro.sn\/wp-content\/uploads\/2025\/01\/152-x-152-px-ok-1.png\" \/>\n\t<meta property=\"og:image:width\" content=\"153\" \/>\n\t<meta property=\"og:image:height\" content=\"152\" \/>\n\t<meta property=\"og:image:type\" content=\"image\/png\" \/>\n<meta name=\"twitter:card\" content=\"summary_large_image\" \/>\n<meta name=\"twitter:label1\" content=\"Dur\u00e9e de lecture estim\u00e9e\" \/>\n\t<meta name=\"twitter:data1\" content=\"1 minute\" \/>\n<script type=\"application\/ld+json\" class=\"yoast-schema-graph\">{\"@context\":\"https:\/\/schema.org\",\"@graph\":[{\"@type\":\"WebPage\",\"@id\":\"https:\/\/www.srms-pro.sn\/?page_id=1512\",\"url\":\"https:\/\/www.srms-pro.sn\/?page_id=1512\",\"name\":\"Demandez un devis &#8212; srms-pro\",\"isPartOf\":{\"@id\":\"https:\/\/www.srms-pro.sn\/#website\"},\"datePublished\":\"2024-11-14T01:55:45+00:00\",\"dateModified\":\"2026-02-11T16:33:11+00:00\",\"description\":\"Demandez un devis\",\"breadcrumb\":{\"@id\":\"https:\/\/www.srms-pro.sn\/?page_id=1512#breadcrumb\"},\"inLanguage\":\"fr-FR\",\"potentialAction\":[{\"@type\":\"ReadAction\",\"target\":[\"https:\/\/www.srms-pro.sn\/?page_id=1512\"]}]},{\"@type\":\"BreadcrumbList\",\"@id\":\"https:\/\/www.srms-pro.sn\/?page_id=1512#breadcrumb\",\"itemListElement\":[{\"@type\":\"ListItem\",\"position\":1,\"name\":\"Accueil\",\"item\":\"https:\/\/www.srms-pro.sn\/\"},{\"@type\":\"ListItem\",\"position\":2,\"name\":\"Demandez un devis\"}]},{\"@type\":\"WebSite\",\"@id\":\"https:\/\/www.srms-pro.sn\/#website\",\"url\":\"https:\/\/www.srms-pro.sn\/\",\"name\":\"srms-pro.sn\",\"description\":\"Dites-le, nous le b\u00e2tissons en chef-d\u2019\u0153uvre, pour un cadre \u00e0 la hauteur de vos r\u00eaves et  con\u00e7u pour durer.\",\"publisher\":{\"@id\":\"https:\/\/www.srms-pro.sn\/#organization\"},\"alternateName\":\"SRMS-PRO\",\"potentialAction\":[{\"@type\":\"SearchAction\",\"target\":{\"@type\":\"EntryPoint\",\"urlTemplate\":\"https:\/\/www.srms-pro.sn\/?s={search_term_string}\"},\"query-input\":{\"@type\":\"PropertyValueSpecification\",\"valueRequired\":true,\"valueName\":\"search_term_string\"}}],\"inLanguage\":\"fr-FR\"},{\"@type\":\"Organization\",\"@id\":\"https:\/\/www.srms-pro.sn\/#organization\",\"name\":\"srms-pro.sn\",\"alternateName\":\"SRMS-PRO\",\"url\":\"https:\/\/www.srms-pro.sn\/\",\"logo\":{\"@type\":\"ImageObject\",\"inLanguage\":\"fr-FR\",\"@id\":\"https:\/\/www.srms-pro.sn\/#\/schema\/logo\/image\/\",\"url\":\"https:\/\/srms-pro.sn\/wp-content\/uploads\/2026\/02\/logo-sn6.png\",\"contentUrl\":\"https:\/\/srms-pro.sn\/wp-content\/uploads\/2026\/02\/logo-sn6.png\",\"width\":120,\"height\":120,\"caption\":\"srms-pro.sn\"},\"image\":{\"@id\":\"https:\/\/www.srms-pro.sn\/#\/schema\/logo\/image\/\"},\"sameAs\":[\"https:\/\/www.facebook.com\/people\/SRMS-Sngal\/100095617147912\/\",\"https:\/\/www.instagram.com\/srms_senegal\/\",\"https:\/\/www.linkedin.com\/company\/linked-srmssas\/?viewAsMember=true\"]}]}<\/script>\n<!-- \/ Yoast SEO plugin. -->","yoast_head_json":{"title":"Demandez un devis &#8212; srms-pro","description":"Demandez un devis","robots":{"index":"index","follow":"follow","max-snippet":"max-snippet:-1","max-image-preview":"max-image-preview:large","max-video-preview":"max-video-preview:-1"},"canonical":"https:\/\/www.srms-pro.sn\/?page_id=1512","og_locale":"fr_FR","og_type":"article","og_title":"Demandez un devis &#8212; srms-pro","og_description":"Demandez un devis","og_url":"https:\/\/www.srms-pro.sn\/?page_id=1512","og_site_name":"srms-pro","article_publisher":"https:\/\/www.facebook.com\/people\/SRMS-Sngal\/100095617147912\/","article_modified_time":"2026-02-11T16:33:11+00:00","og_image":[{"width":153,"height":152,"url":"https:\/\/www.srms-pro.sn\/wp-content\/uploads\/2025\/01\/152-x-152-px-ok-1.png","type":"image\/png"}],"twitter_card":"summary_large_image","twitter_misc":{"Dur\u00e9e de lecture estim\u00e9e":"1 minute"},"schema":{"@context":"https:\/\/schema.org","@graph":[{"@type":"WebPage","@id":"https:\/\/www.srms-pro.sn\/?page_id=1512","url":"https:\/\/www.srms-pro.sn\/?page_id=1512","name":"Demandez un devis &#8212; srms-pro","isPartOf":{"@id":"https:\/\/www.srms-pro.sn\/#website"},"datePublished":"2024-11-14T01:55:45+00:00","dateModified":"2026-02-11T16:33:11+00:00","description":"Demandez un devis","breadcrumb":{"@id":"https:\/\/www.srms-pro.sn\/?page_id=1512#breadcrumb"},"inLanguage":"fr-FR","potentialAction":[{"@type":"ReadAction","target":["https:\/\/www.srms-pro.sn\/?page_id=1512"]}]},{"@type":"BreadcrumbList","@id":"https:\/\/www.srms-pro.sn\/?page_id=1512#breadcrumb","itemListElement":[{"@type":"ListItem","position":1,"name":"Accueil","item":"https:\/\/www.srms-pro.sn\/"},{"@type":"ListItem","position":2,"name":"Demandez un devis"}]},{"@type":"WebSite","@id":"https:\/\/www.srms-pro.sn\/#website","url":"https:\/\/www.srms-pro.sn\/","name":"srms-pro.sn","description":"Dites-le, nous le b\u00e2tissons en chef-d\u2019\u0153uvre, pour un cadre \u00e0 la hauteur de vos r\u00eaves et  con\u00e7u pour durer.","publisher":{"@id":"https:\/\/www.srms-pro.sn\/#organization"},"alternateName":"SRMS-PRO","potentialAction":[{"@type":"SearchAction","target":{"@type":"EntryPoint","urlTemplate":"https:\/\/www.srms-pro.sn\/?s={search_term_string}"},"query-input":{"@type":"PropertyValueSpecification","valueRequired":true,"valueName":"search_term_string"}}],"inLanguage":"fr-FR"},{"@type":"Organization","@id":"https:\/\/www.srms-pro.sn\/#organization","name":"srms-pro.sn","alternateName":"SRMS-PRO","url":"https:\/\/www.srms-pro.sn\/","logo":{"@type":"ImageObject","inLanguage":"fr-FR","@id":"https:\/\/www.srms-pro.sn\/#\/schema\/logo\/image\/","url":"https:\/\/srms-pro.sn\/wp-content\/uploads\/2026\/02\/logo-sn6.png","contentUrl":"https:\/\/srms-pro.sn\/wp-content\/uploads\/2026\/02\/logo-sn6.png","width":120,"height":120,"caption":"srms-pro.sn"},"image":{"@id":"https:\/\/www.srms-pro.sn\/#\/schema\/logo\/image\/"},"sameAs":["https:\/\/www.facebook.com\/people\/SRMS-Sngal\/100095617147912\/","https:\/\/www.instagram.com\/srms_senegal\/","https:\/\/www.linkedin.com\/company\/linked-srmssas\/?viewAsMember=true"]}]}},"_links":{"self":[{"href":"https:\/\/www.srms-pro.sn\/index.php?rest_route=\/wp\/v2\/pages\/1512","targetHints":{"allow":["GET"]}}],"collection":[{"href":"https:\/\/www.srms-pro.sn\/index.php?rest_route=\/wp\/v2\/pages"}],"about":[{"href":"https:\/\/www.srms-pro.sn\/index.php?rest_route=\/wp\/v2\/types\/page"}],"author":[{"embeddable":true,"href":"https:\/\/www.srms-pro.sn\/index.php?rest_route=\/wp\/v2\/users\/1"}],"replies":[{"embeddable":true,"href":"https:\/\/www.srms-pro.sn\/index.php?rest_route=%2Fwp%2Fv2%2Fcomments&post=1512"}],"version-history":[{"count":43,"href":"https:\/\/www.srms-pro.sn\/index.php?rest_route=\/wp\/v2\/pages\/1512\/revisions"}],"predecessor-version":[{"id":2906,"href":"https:\/\/www.srms-pro.sn\/index.php?rest_route=\/wp\/v2\/pages\/1512\/revisions\/2906"}],"wp:attachment":[{"href":"https:\/\/www.srms-pro.sn\/index.php?rest_route=%2Fwp%2Fv2%2Fmedia&parent=1512"}],"curies":[{"name":"wp","href":"https:\/\/api.w.org\/{rel}","templated":true}]}}