{"id":1285,"date":"2020-01-11T19:15:44","date_gmt":"2020-01-11T19:15:44","guid":{"rendered":"https:\/\/srms-pro.fr\/showcase\/"},"modified":"2026-03-07T20:45:11","modified_gmt":"2026-03-07T20:45:11","slug":"realisations","status":"publish","type":"page","link":"https:\/\/www.srms-pro.sn\/?page_id=1285","title":{"rendered":"R\u00e9alisations"},"content":{"rendered":"<div class=\"wpb-content-wrapper\"><p>[vc_row][vc_column][vc_row_inner][vc_column_inner][vc_text_separator title=\u00a0\u00bbFinitions de Peinture Ext\u00e9rieure \u00e0 la Zone de R\u00e9casement Ngor, Dakar\u00a0\u00bb title_align=\u00a0\u00bbseparator_align_left\u00a0\u00bb css=\u00a0\u00bb\u00a0\u00bb][vc_raw_html css=\u00a0\u00bb\u00a0\u00bb]JTVCcGdjX3NpbXBseV9nYWxsZXJ5JTIwaWQlM0QlMjIyNzU1JTIyJTVE[\/vc_raw_html][\/vc_column_inner][\/vc_row_inner][\/vc_column][vc_column][vc_separator color=\u00a0\u00bbchino\u00a0\u00bb css=\u00a0\u00bb.vc_custom_1768669562272{margin-top: 70px !important;margin-bottom: 70px !important;}\u00a0\u00bb][\/vc_column][\/vc_row][vc_row][vc_column][vc_row_inner][vc_column_inner][vc_text_separator title=\u00a0\u00bbEnduit et Finitions Murales \u00e0 Libert\u00e9 1, Dakar\u00a0\u00bb title_align=\u00a0\u00bbseparator_align_left\u00a0\u00bb css=\u00a0\u00bb\u00a0\u00bb][vc_column_text css=\u00a0\u00bb\u00a0\u00bb]<\/p>\n<p style=\"text-align: justify;\">Pour l&rsquo;immeuble situ\u00e9 \u00e0 Libert\u00e9 1, un travail soign\u00e9 d&rsquo;enduit a \u00e9t\u00e9 effectu\u00e9 sur les murs afin de pr\u00e9parer la surface pour la peinture. Cet enduit apporte une finition lisse et uniforme, garantissant une excellente adh\u00e9rence de la peinture. Les d\u00e9tails des finitions murales, r\u00e9alis\u00e9s avec pr\u00e9cision, mettent en valeur l&rsquo;esth\u00e9tique globale du b\u00e2timent tout en assurant sa durabilit\u00e9. Ce processus est essentiel pour obtenir un rendu final impeccable et visuellement attrayant.<\/p>\n<p style=\"text-align: justify;\"><em>\u00ab\u00a0Un chantier livr\u00e9 dans les d\u00e9lais, et des clients qui red\u00e9couvrent la beaut\u00e9 de leur propre espace.\u00a0\u00bb<\/em><\/p>\n<p>[\/vc_column_text][vc_raw_html css=\u00a0\u00bb\u00a0\u00bb]JTVCcGdjX3NpbXBseV9nYWxsZXJ5JTIwaWQlM0QlMjIyNzU4JTIyJTVE[\/vc_raw_html][\/vc_column_inner][\/vc_row_inner][vc_separator color=\u00a0\u00bbchino\u00a0\u00bb css=\u00a0\u00bb.vc_custom_1768669572919{margin-top: 70px !important;margin-bottom: 70px !important;}\u00a0\u00bb][\/vc_column][\/vc_row][vc_row][vc_column][vc_row_inner][vc_column_inner][vc_text_separator title=\u00a0\u00bbSecond \u0152uvre : Am\u00e9lioration d&rsquo;un Immeuble aux Maristes\u00a0\u00bb title_align=\u00a0\u00bbseparator_align_left\u00a0\u00bb css=\u00a0\u00bb\u00a0\u00bb][vc_column_text css=\u00a0\u00bb\u00a0\u00bb]<\/p>\n<p style=\"text-align: justify;\">Ce projet de second \u0153uvre a inclus la peinture int\u00e9rieure et ext\u00e9rieure, o\u00f9 des finitions soign\u00e9es ont \u00e9t\u00e9 appliqu\u00e9es pour revitaliser l&rsquo;apparence de l&rsquo;immeuble. La plomberie a \u00e9t\u00e9 enti\u00e8rement r\u00e9nov\u00e9e, assurant un syst\u00e8me fonctionnel et fiable. De plus, un \u00e9clairage moderne a \u00e9t\u00e9 install\u00e9, cr\u00e9ant des espaces lumineux et accueillants. Ce projet vise \u00e0 am\u00e9liorer le confort et l&rsquo;esth\u00e9tique tout en garantissant la durabilit\u00e9 des installations.<\/p>\n<p>[\/vc_column_text][vc_raw_html css=\u00a0\u00bb\u00a0\u00bb]JTVCcGdjX3NpbXBseV9nYWxsZXJ5JTIwaWQlM0QlMjIyNzU2JTIyJTVE[\/vc_raw_html][\/vc_column_inner][\/vc_row_inner][vc_separator color=\u00a0\u00bbchino\u00a0\u00bb css=\u00a0\u00bb.vc_custom_1768667511412{margin-top: 70px !important;margin-bottom: 70px !important;}\u00a0\u00bb][\/vc_column][\/vc_row][vc_row][vc_column][vc_row_inner][vc_column_inner][vc_text_separator title=\u00a0\u00bbR\u00e9novation partielle d&rsquo;un immeuble \u00e0 Rufisque\u00a0\u00bb title_align=\u00a0\u00bbseparator_align_left\u00a0\u00bb css=\u00a0\u00bb\u00a0\u00bb][vc_column_text css=\u00a0\u00bb\u00a0\u00bb]<\/p>\n<p style=\"text-align: justify;\">Cette r\u00e9novation donne un nouvel \u00e9clat gr\u00e2ce \u00e0 des peintures de haute qualit\u00e9, r\u00e9sistantes aux intemp\u00e9ries. Des couleurs vives et harmonieuses ont \u00e9t\u00e9 choisies pour renforcer l&rsquo;esth\u00e9tique tout en respectant le style architectural local. Cette intervention a non seulement revitalis\u00e9 l\u2019immeuble, mais a \u00e9galement prolong\u00e9 sa durabilit\u00e9.<\/p>\n<p><em>\u00ab\u00a0Une r\u00e9novation pens\u00e9e pour inspirer la performance et le bien-\u00eatre.\u00a0\u00bb<\/em>[\/vc_column_text][vc_raw_html css=\u00a0\u00bb\u00a0\u00bb]JTVCcGdjX3NpbXBseV9nYWxsZXJ5JTIwaWQlM0QlMjIyNzU3JTIyJTVE[\/vc_raw_html][\/vc_column_inner][\/vc_row_inner][vc_separator color=\u00a0\u00bbchino\u00a0\u00bb css=\u00a0\u00bb.vc_custom_1768667511412{margin-top: 70px !important;margin-bottom: 70px !important;}\u00a0\u00bb][\/vc_column][\/vc_row][vc_row][vc_column][vc_row_inner][vc_column_inner][vc_text_separator title=\u00a0\u00bbFinitions de Peinture Int\u00e9rieure \u00e0 Mermoz\u00a0\u00bb title_align=\u00a0\u00bbseparator_align_left\u00a0\u00bb css=\u00a0\u00bb\u00a0\u00bb][vc_raw_html css=\u00a0\u00bb\u00a0\u00bb]JTVCcGdjX3NpbXBseV9nYWxsZXJ5JTIwaWQlM0QlMjIyODQzJTIyJTVE[\/vc_raw_html][\/vc_column_inner][\/vc_row_inner][vc_separator color=\u00a0\u00bbchino\u00a0\u00bb css=\u00a0\u00bb.vc_custom_1768667511412{margin-top: 70px !important;margin-bottom: 70px !important;}\u00a0\u00bb][\/vc_column][\/vc_row][vc_row full_width=\u00a0\u00bbstretch_row\u00a0\u00bb equal_height=\u00a0\u00bbyes\u00a0\u00bb content_placement=\u00a0\u00bbmiddle\u00a0\u00bb bg_type=\u00a0\u00bbimage\u00a0\u00bb parallax_style=\u00a0\u00bbvcpb-mlvp-jquery\u00a0\u00bb layer_image=\u00a0\u00bb1898&Prime; enable_overlay=\u00a0\u00bbenable_overlay_value\u00a0\u00bb overlay_color=\u00a0\u00bb#0a0a0a\u00a0\u00bb overlay_pattern_opacity=\u00a0\u00bb10&Prime; overlay_pattern_size=\u00a0\u00bb10&Prime; multi_color_overlay=\u00a0\u00bbuvc-multi-color-bg\u00a0\u00bb multi_color_overlay_opacity=\u00a0\u00bb10&Prime;][vc_column width=\u00a0\u00bb2\/3&Prime;][vc_empty_space height=\u00a0\u00bb50px\u00a0\u00bb]<div id=\"ultimate-heading-546169e373956ba01\" class=\"uvc-heading ult-adjust-bottom-margin ultimate-heading-546169e373956ba01 uvc-4233 \" data-hspacer=\"no_spacer\"  data-halign=\"left\" style=\"text-align:left\"><div class=\"uvc-heading-spacer no_spacer\" style=\"top\"><\/div><div class=\"uvc-main-heading ult-responsive\"  data-ultimate-target='.uvc-heading.ultimate-heading-546169e373956ba01 h2'  data-responsive-json-new='{\"font-size\":\"desktop:32px;\",\"line-height\":\"desktop:42px;\"}' ><h2 style=\"font-weight:bold;color:#ffffff;margin-bottom:20px;\">Contactez-nous d\u00e8s aujourd\u2019hui pour une \u00e9tude gratuite et personnalis\u00e9e de votre projet. Ensemble, transformons vos id\u00e9es en r\u00e9alit\u00e9 !<\/h2><\/div><\/div>[vc_empty_space height=\u00a0\u00bb50px\u00a0\u00bb][\/vc_column][vc_column width=\u00a0\u00bb1\/3&Prime;]<style type=\"text\/css\" data-type=\"the7_shortcodes-inline-css\">#default-btn-2077f3b61aab6fc712195ab3d29610a9.ico-right-side > i {\n  margin-right: 0px;\n  margin-left: 8px;\n}\n#default-btn-2077f3b61aab6fc712195ab3d29610a9 > i {\n  margin-right: 8px;\n}<\/style><div class=\"btn-align-center\"><a href=\"https:\/\/srms-pro.fr\/demande-devis-personnalise\/\" class=\"default-btn-shortcode dt-btn dt-btn-l link-hover-off \" target=\"_blank\" id=\"default-btn-2077f3b61aab6fc712195ab3d29610a9\" title=\"Contact\" rel=\"noopener\"><i class=\"fas fa-file-signature\"><\/i><span>Devis gratuit<\/span><\/a><\/div>[\/vc_column][\/vc_row][vc_row full_width=\u00a0\u00bbstretch_row_content\u00a0\u00bb content_placement=\u00a0\u00bbtop\u00a0\u00bb css=\u00a0\u00bb.vc_custom_1731535396212{margin-top: -200px !important;background-image: url(https:\/\/srms-pro.fr\/wp-content\/uploads\/2024\/11\/Vague-04.png?id=1397) !important;}\u00a0\u00bb][vc_column][vc_empty_space height=\u00a0\u00bb200px\u00a0\u00bb][\/vc_column][\/vc_row]<\/p>\n<\/div>","protected":false},"excerpt":{"rendered":"<p>[vc_row][vc_column][vc_row_inner][vc_column_inner][vc_text_separator title=\u00a0\u00bbFinitions de Peinture Ext\u00e9rieure \u00e0 la Zone de R\u00e9casement Ngor, Dakar\u00a0\u00bb title_align=\u00a0\u00bbseparator_align_left\u00a0\u00bb css=\u00a0\u00bb\u00a0\u00bb][vc_raw_html css=\u00a0\u00bb\u00a0\u00bb]JTVCcGdjX3NpbXBseV9nYWxsZXJ5JTIwaWQlM0QlMjIyNzU1JTIyJTVE[\/vc_raw_html][\/vc_column_inner][\/vc_row_inner][\/vc_column][vc_column][vc_separator color=\u00a0\u00bbchino\u00a0\u00bb css=\u00a0\u00bb.vc_custom_1768669562272{margin-top: 70px !important;margin-bottom: 70px !important;}\u00a0\u00bb][\/vc_column][\/vc_row][vc_row][vc_column][vc_row_inner][vc_column_inner][vc_text_separator title=\u00a0\u00bbEnduit et Finitions Murales \u00e0 Libert\u00e9 1, Dakar\u00a0\u00bb title_align=\u00a0\u00bbseparator_align_left\u00a0\u00bb css=\u00a0\u00bb\u00a0\u00bb][vc_column_text css=\u00a0\u00bb\u00a0\u00bb] Pour l&rsquo;immeuble situ\u00e9 \u00e0 Libert\u00e9 1, un travail soign\u00e9 d&rsquo;enduit a \u00e9t\u00e9 effectu\u00e9 sur les murs afin de pr\u00e9parer la surface pour la&hellip;<\/p>\n","protected":false},"author":1,"featured_media":0,"parent":0,"menu_order":0,"comment_status":"closed","ping_status":"closed","template":"","meta":{"pgc_sgb_lightbox_settings":"","footnotes":""},"class_list":["post-1285","page","type-page","status-publish","hentry","description-off"],"yoast_head":"<!-- This site is optimized with the Yoast SEO plugin v27.1.1 - https:\/\/yoast.com\/product\/yoast-seo-wordpress\/ -->\n<title>R\u00e9alisations &#8212; srms-pro<\/title>\n<meta name=\"description\" content=\"R\u00e9alisations\" \/>\n<meta name=\"robots\" content=\"index, follow, max-snippet:-1, max-image-preview:large, max-video-preview:-1\" \/>\n<link rel=\"canonical\" href=\"https:\/\/www.srms-pro.sn\/?page_id=1285\" \/>\n<meta property=\"og:locale\" content=\"fr_FR\" \/>\n<meta property=\"og:type\" content=\"article\" \/>\n<meta property=\"og:title\" content=\"R\u00e9alisations &#8212; srms-pro\" \/>\n<meta property=\"og:description\" content=\"R\u00e9alisations\" \/>\n<meta property=\"og:url\" content=\"https:\/\/www.srms-pro.sn\/?page_id=1285\" \/>\n<meta property=\"og:site_name\" content=\"srms-pro\" \/>\n<meta property=\"article:publisher\" content=\"https:\/\/www.facebook.com\/people\/SRMS-Sngal\/100095617147912\/\" \/>\n<meta property=\"article:modified_time\" content=\"2026-03-07T20:45:11+00:00\" \/>\n<meta property=\"og:image\" content=\"https:\/\/www.srms-pro.sn\/wp-content\/uploads\/2025\/01\/152-x-152-px-ok-1.png\" \/>\n\t<meta property=\"og:image:width\" content=\"153\" \/>\n\t<meta property=\"og:image:height\" content=\"152\" \/>\n\t<meta property=\"og:image:type\" content=\"image\/png\" \/>\n<meta name=\"twitter:card\" content=\"summary_large_image\" \/>\n<meta name=\"twitter:label1\" content=\"Dur\u00e9e de lecture estim\u00e9e\" \/>\n\t<meta name=\"twitter:data1\" content=\"3 minutes\" \/>\n<script type=\"application\/ld+json\" class=\"yoast-schema-graph\">{\"@context\":\"https:\/\/schema.org\",\"@graph\":[{\"@type\":\"WebPage\",\"@id\":\"https:\/\/www.srms-pro.sn\/?page_id=1285\",\"url\":\"https:\/\/www.srms-pro.sn\/?page_id=1285\",\"name\":\"R\u00e9alisations &#8212; srms-pro\",\"isPartOf\":{\"@id\":\"https:\/\/www.srms-pro.sn\/#website\"},\"datePublished\":\"2020-01-11T19:15:44+00:00\",\"dateModified\":\"2026-03-07T20:45:11+00:00\",\"description\":\"R\u00e9alisations\",\"breadcrumb\":{\"@id\":\"https:\/\/www.srms-pro.sn\/?page_id=1285#breadcrumb\"},\"inLanguage\":\"fr-FR\",\"potentialAction\":[{\"@type\":\"ReadAction\",\"target\":[\"https:\/\/www.srms-pro.sn\/?page_id=1285\"]}]},{\"@type\":\"BreadcrumbList\",\"@id\":\"https:\/\/www.srms-pro.sn\/?page_id=1285#breadcrumb\",\"itemListElement\":[{\"@type\":\"ListItem\",\"position\":1,\"name\":\"Accueil\",\"item\":\"https:\/\/www.srms-pro.sn\/\"},{\"@type\":\"ListItem\",\"position\":2,\"name\":\"R\u00e9alisations\"}]},{\"@type\":\"WebSite\",\"@id\":\"https:\/\/www.srms-pro.sn\/#website\",\"url\":\"https:\/\/www.srms-pro.sn\/\",\"name\":\"srms-pro.sn\",\"description\":\"Dites-le, nous le b\u00e2tissons en chef-d\u2019\u0153uvre, pour un cadre \u00e0 la hauteur de vos r\u00eaves et  con\u00e7u pour durer.\",\"publisher\":{\"@id\":\"https:\/\/www.srms-pro.sn\/#organization\"},\"alternateName\":\"SRMS-PRO\",\"potentialAction\":[{\"@type\":\"SearchAction\",\"target\":{\"@type\":\"EntryPoint\",\"urlTemplate\":\"https:\/\/www.srms-pro.sn\/?s={search_term_string}\"},\"query-input\":{\"@type\":\"PropertyValueSpecification\",\"valueRequired\":true,\"valueName\":\"search_term_string\"}}],\"inLanguage\":\"fr-FR\"},{\"@type\":\"Organization\",\"@id\":\"https:\/\/www.srms-pro.sn\/#organization\",\"name\":\"srms-pro.sn\",\"alternateName\":\"SRMS-PRO\",\"url\":\"https:\/\/www.srms-pro.sn\/\",\"logo\":{\"@type\":\"ImageObject\",\"inLanguage\":\"fr-FR\",\"@id\":\"https:\/\/www.srms-pro.sn\/#\/schema\/logo\/image\/\",\"url\":\"https:\/\/srms-pro.sn\/wp-content\/uploads\/2026\/02\/logo-sn6.png\",\"contentUrl\":\"https:\/\/srms-pro.sn\/wp-content\/uploads\/2026\/02\/logo-sn6.png\",\"width\":120,\"height\":120,\"caption\":\"srms-pro.sn\"},\"image\":{\"@id\":\"https:\/\/www.srms-pro.sn\/#\/schema\/logo\/image\/\"},\"sameAs\":[\"https:\/\/www.facebook.com\/people\/SRMS-Sngal\/100095617147912\/\",\"https:\/\/www.instagram.com\/srms_senegal\/\",\"https:\/\/www.linkedin.com\/company\/linked-srmssas\/?viewAsMember=true\"]}]}<\/script>\n<!-- \/ Yoast SEO plugin. -->","yoast_head_json":{"title":"R\u00e9alisations &#8212; srms-pro","description":"R\u00e9alisations","robots":{"index":"index","follow":"follow","max-snippet":"max-snippet:-1","max-image-preview":"max-image-preview:large","max-video-preview":"max-video-preview:-1"},"canonical":"https:\/\/www.srms-pro.sn\/?page_id=1285","og_locale":"fr_FR","og_type":"article","og_title":"R\u00e9alisations &#8212; srms-pro","og_description":"R\u00e9alisations","og_url":"https:\/\/www.srms-pro.sn\/?page_id=1285","og_site_name":"srms-pro","article_publisher":"https:\/\/www.facebook.com\/people\/SRMS-Sngal\/100095617147912\/","article_modified_time":"2026-03-07T20:45:11+00:00","og_image":[{"width":153,"height":152,"url":"https:\/\/www.srms-pro.sn\/wp-content\/uploads\/2025\/01\/152-x-152-px-ok-1.png","type":"image\/png"}],"twitter_card":"summary_large_image","twitter_misc":{"Dur\u00e9e de lecture estim\u00e9e":"3 minutes"},"schema":{"@context":"https:\/\/schema.org","@graph":[{"@type":"WebPage","@id":"https:\/\/www.srms-pro.sn\/?page_id=1285","url":"https:\/\/www.srms-pro.sn\/?page_id=1285","name":"R\u00e9alisations &#8212; srms-pro","isPartOf":{"@id":"https:\/\/www.srms-pro.sn\/#website"},"datePublished":"2020-01-11T19:15:44+00:00","dateModified":"2026-03-07T20:45:11+00:00","description":"R\u00e9alisations","breadcrumb":{"@id":"https:\/\/www.srms-pro.sn\/?page_id=1285#breadcrumb"},"inLanguage":"fr-FR","potentialAction":[{"@type":"ReadAction","target":["https:\/\/www.srms-pro.sn\/?page_id=1285"]}]},{"@type":"BreadcrumbList","@id":"https:\/\/www.srms-pro.sn\/?page_id=1285#breadcrumb","itemListElement":[{"@type":"ListItem","position":1,"name":"Accueil","item":"https:\/\/www.srms-pro.sn\/"},{"@type":"ListItem","position":2,"name":"R\u00e9alisations"}]},{"@type":"WebSite","@id":"https:\/\/www.srms-pro.sn\/#website","url":"https:\/\/www.srms-pro.sn\/","name":"srms-pro.sn","description":"Dites-le, nous le b\u00e2tissons en chef-d\u2019\u0153uvre, pour un cadre \u00e0 la hauteur de vos r\u00eaves et  con\u00e7u pour durer.","publisher":{"@id":"https:\/\/www.srms-pro.sn\/#organization"},"alternateName":"SRMS-PRO","potentialAction":[{"@type":"SearchAction","target":{"@type":"EntryPoint","urlTemplate":"https:\/\/www.srms-pro.sn\/?s={search_term_string}"},"query-input":{"@type":"PropertyValueSpecification","valueRequired":true,"valueName":"search_term_string"}}],"inLanguage":"fr-FR"},{"@type":"Organization","@id":"https:\/\/www.srms-pro.sn\/#organization","name":"srms-pro.sn","alternateName":"SRMS-PRO","url":"https:\/\/www.srms-pro.sn\/","logo":{"@type":"ImageObject","inLanguage":"fr-FR","@id":"https:\/\/www.srms-pro.sn\/#\/schema\/logo\/image\/","url":"https:\/\/srms-pro.sn\/wp-content\/uploads\/2026\/02\/logo-sn6.png","contentUrl":"https:\/\/srms-pro.sn\/wp-content\/uploads\/2026\/02\/logo-sn6.png","width":120,"height":120,"caption":"srms-pro.sn"},"image":{"@id":"https:\/\/www.srms-pro.sn\/#\/schema\/logo\/image\/"},"sameAs":["https:\/\/www.facebook.com\/people\/SRMS-Sngal\/100095617147912\/","https:\/\/www.instagram.com\/srms_senegal\/","https:\/\/www.linkedin.com\/company\/linked-srmssas\/?viewAsMember=true"]}]}},"_links":{"self":[{"href":"https:\/\/www.srms-pro.sn\/index.php?rest_route=\/wp\/v2\/pages\/1285","targetHints":{"allow":["GET"]}}],"collection":[{"href":"https:\/\/www.srms-pro.sn\/index.php?rest_route=\/wp\/v2\/pages"}],"about":[{"href":"https:\/\/www.srms-pro.sn\/index.php?rest_route=\/wp\/v2\/types\/page"}],"author":[{"embeddable":true,"href":"https:\/\/www.srms-pro.sn\/index.php?rest_route=\/wp\/v2\/users\/1"}],"replies":[{"embeddable":true,"href":"https:\/\/www.srms-pro.sn\/index.php?rest_route=%2Fwp%2Fv2%2Fcomments&post=1285"}],"version-history":[{"count":107,"href":"https:\/\/www.srms-pro.sn\/index.php?rest_route=\/wp\/v2\/pages\/1285\/revisions"}],"predecessor-version":[{"id":2956,"href":"https:\/\/www.srms-pro.sn\/index.php?rest_route=\/wp\/v2\/pages\/1285\/revisions\/2956"}],"wp:attachment":[{"href":"https:\/\/www.srms-pro.sn\/index.php?rest_route=%2Fwp%2Fv2%2Fmedia&parent=1285"}],"curies":[{"name":"wp","href":"https:\/\/api.w.org\/{rel}","templated":true}]}}